{"id":3586,"date":"2017-09-29T14:52:13","date_gmt":"2017-09-29T12:52:13","guid":{"rendered":"http:\/\/vernazzautogru.com\/kundenzufriedenheit\/"},"modified":"2019-07-25T12:18:27","modified_gmt":"2019-07-25T10:18:27","slug":"kundenzufriedenheit","status":"publish","type":"page","link":"https:\/\/vernazzautogru.com\/de\/kundenzufriedenheit\/","title":{"rendered":"Kundenzufriedenheit"},"content":{"rendered":"<div class=\"wpb-content-wrapper\">\n<!-- SEO Ultimate (http:\/\/www.seodesignsolutions.com\/wordpress-seo\/) - Code Inserter module -->\n<!-- Google Tag Manager (noscript) -->\r\n<noscript><iframe src=\"https:\/\/www.googletagmanager.com\/ns.html?id=GTM-WJ6GDRL\"\r\nheight=\"0\" width=\"0\" style=\"display:none;visibility:hidden\"><\/iframe><\/noscript>\r\n<!-- End Google Tag Manager (noscript) -->\n<!-- \/SEO Ultimate -->\n\n<p>[vc_row row_type=&#8221;row&#8221; use_row_as_full_screen_section=&#8221;no&#8221; type=&#8221;full_width&#8221; text_align=&#8221;left&#8221; css_animation=&#8221;&#8221;][vc_column][vc_text_separator title=&#8221;<small>UNTERNEHMEN<\/small>HELFEN SIE UNS, ZU VERBESSERN&#8221; border_color=&#8221;#f5f5f5&#8243; background_color=&#8221;#f5f5f5&#8243; title_color=&#8221;#000000&#8243; el_class=&#8221;no-bg&#8221;][vc_empty_space height=&#8221;45px&#8221;][vc_column_text el_class=&#8221;text-align-justify&#8221;]<span lang=\"DE\">Zu den wichtigsten Zielen der Firma Vernazza Autogru S.r.l. geh\u00f6ren die <strong>konstante Verbesserung der angebotenen Leistungen<\/strong> durch st\u00e4ndige Pr\u00fcfung der effektiven Erfordernisse der Kunden und Feststellung ihrer F\u00e4higkeit zu deren Befriedigung. Deshalb sind die von unserer Kundschaft erfolgten Beurteilungen wesentlich: mit den gesammelten Informationen k\u00f6nnen wir immer besser auf ihre Erfordernisse und Erwartungen eingehen.<\/span><\/p>\n<p><span lang=\"DE\">In dieser Hinsicht bitten wir Sie, einige Minuten dem Ausf\u00fcllen des Fragebogens <strong>\u201cKundenzufriedenheit\u201d<\/strong> zu widmen, den Sie \u00fcber den Link am Ende der Seite herunterladen k\u00f6nnen. Nachdem Sie ihn ausgef\u00fcllt haben, bitten wir Sie, ihn uns entweder per Fax 010.41.01.201 oder E-Mail an die Adresse <a href=\"mailto:sicurezza-qualita@vernazzautogru.com\">sicurezza-qualita@vernazzautogru.com<\/a> zuzusenden und auch eventuelle n\u00fctzliche Hinweise zur Verbesserung unserer Leistungen zu erteilen.<\/span><\/p>\n<p><span lang=\"DE\">Geben Sie uns bitte an, welchen Grad von Bedeutung und Zufriedenheit Sie bez\u00fcglich der vorgeschlagenen Attribute unter Verwendung der Skala von 0 bis 5 zumessen, wobei 0 \u201cgeringe Zufriedenheit\u201d und 5 \u201chohe Zufriedenheit\u201d bedeuten.<\/span><\/p>\n<p><strong><span lang=\"DE\">Mit Dank f\u00fcr Ihre gesch\u00e4tzte Mitarbeit<\/span><\/strong><span lang=\"DE\"> m\u00f6chten wir Sie darauf hinweisen, dass die Antworten gem\u00e4\u00df dem Gesetz GDPR 679\/2016 vertraulich behandelt werden und nur dem Zwecke dienen, das Qualit\u00e4tsniveau der unseren Kunden angebotenen Leistung zu verbessern.<\/span>[\/vc_column_text][vc_empty_space height=&#8221;55px&#8221;][vc_row_inner row_type=&#8221;row&#8221; type=&#8221;full_width&#8221; use_row_as_full_screen_section_slide=&#8221;no&#8221; text_align=&#8221;center&#8221; css_animation=&#8221;&#8221;][vc_column_inner]<a href=\"http:\/\/vernazzautogru.com\/wp-content\/uploads\/2017\/10\/soddisfazione_cliente_ITA.pdf\" target=\"_blank\"  class=\"qbutton  qbutton_with_icon\" style=\"\">Laden Sie das Formular herunter<i class=\"button_icon  custom_icon_size fa fa-file-pdf-o\" style=\"font-size: 20px;\"><\/i><\/a>[\/vc_column_inner][\/vc_row_inner][vc_empty_space height=&#8221;75px&#8221;][\/vc_column][\/vc_row]<\/p>\n<\/div>","protected":false},"excerpt":{"rendered":"<p>[vc_row row_type=&#8221;row&#8221; use_row_as_full_screen_section=&#8221;no&#8221; type=&#8221;full_width&#8221; text_align=&#8221;left&#8221; css_animation=&#8221;&#8221;][vc_column][vc_text_separator title=&#8221;UNTERNEHMENHELFEN SIE UNS, ZU VERBESSERN&#8221; border_color=&#8221;#f5f5f5&#8243; background_color=&#8221;#f5f5f5&#8243; title_color=&#8221;#000000&#8243; el_class=&#8221;no-bg&#8221;][vc_empty_space height=&#8221;45px&#8221;][vc_column_text el_class=&#8221;text-align-justify&#8221;]Zu den wichtigsten Zielen der Firma Vernazza Autogru S.r.l&#8230;.<\/p>\n","protected":false},"author":2,"featured_media":0,"parent":0,"menu_order":24,"comment_status":"closed","ping_status":"closed","template":"","meta":{"footnotes":""},"acf":[],"_links":{"self":[{"href":"https:\/\/vernazzautogru.com\/de\/wp-json\/wp\/v2\/pages\/3586"}],"collection":[{"href":"https:\/\/vernazzautogru.com\/de\/wp-json\/wp\/v2\/pages"}],"about":[{"href":"https:\/\/vernazzautogru.com\/de\/wp-json\/wp\/v2\/types\/page"}],"author":[{"embeddable":true,"href":"https:\/\/vernazzautogru.com\/de\/wp-json\/wp\/v2\/users\/2"}],"replies":[{"embeddable":true,"href":"https:\/\/vernazzautogru.com\/de\/wp-json\/wp\/v2\/comments?post=3586"}],"version-history":[{"count":5,"href":"https:\/\/vernazzautogru.com\/de\/wp-json\/wp\/v2\/pages\/3586\/revisions"}],"predecessor-version":[{"id":5964,"href":"https:\/\/vernazzautogru.com\/de\/wp-json\/wp\/v2\/pages\/3586\/revisions\/5964"}],"wp:attachment":[{"href":"https:\/\/vernazzautogru.com\/de\/wp-json\/wp\/v2\/media?parent=3586"}],"curies":[{"name":"wp","href":"https:\/\/api.w.org\/{rel}","templated":true}]}}