{"id":3602,"date":"2017-09-29T15:00:22","date_gmt":"2017-09-29T13:00:22","guid":{"rendered":"http:\/\/vernazzautogru.com\/ausbildung\/"},"modified":"2018-01-16T15:44:07","modified_gmt":"2018-01-16T14:44:07","slug":"ausbildung","status":"publish","type":"page","link":"https:\/\/vernazzautogru.com\/de\/ausbildung\/","title":{"rendered":"Ausbildung"},"content":{"rendered":"<div class=\"wpb-content-wrapper\">\n<!-- SEO Ultimate (http:\/\/www.seodesignsolutions.com\/wordpress-seo\/) - Code Inserter module -->\n<!-- Google Tag Manager (noscript) -->\r\n<noscript><iframe src=\"https:\/\/www.googletagmanager.com\/ns.html?id=GTM-WJ6GDRL\"\r\nheight=\"0\" width=\"0\" style=\"display:none;visibility:hidden\"><\/iframe><\/noscript>\r\n<!-- End Google Tag Manager (noscript) -->\n<!-- \/SEO Ultimate -->\n\n<p>[vc_row row_type=&#8221;row&#8221; use_row_as_full_screen_section=&#8221;no&#8221; type=&#8221;full_width&#8221; text_align=&#8221;left&#8221; css_animation=&#8221;&#8221;][vc_column][vc_text_separator title=&#8221;<small>UNTERNEHMEN<\/small>SCHULUNGEN&#8221; border_color=&#8221;#f5f5f5&#8243; background_color=&#8221;#f5f5f5&#8243; title_color=&#8221;#000000&#8243; el_class=&#8221;no-bg&#8221;][vc_empty_space height=&#8221;45px&#8221;][vc_row_inner row_type=&#8221;row&#8221; type=&#8221;full_width&#8221; use_row_as_full_screen_section_slide=&#8221;no&#8221; text_align=&#8221;left&#8221; css_animation=&#8221;&#8221;][vc_column_inner width=&#8221;1\/2&#8243;][vc_column_text el_class=&#8221;text-align-justify&#8221;]<span lang=\"DE\">Die Geschichte der Firma Vernazza Autogr\u00f9 entwickelt sich seit 1946 bis heute nicht nur durch die Einf\u00fchrung dessen, was die Technologie des Fachbereich der Hebetechnik zur Verf\u00fcgung stellt, sondern auch mit dem konstanten steigenden Weg der Weiterbildung, die das Unternehmen seit jeher f\u00fcr sein Personal anbietet.<\/span><\/p>\n<p><span lang=\"DE\">Da es heute in Italien keine Berufsschulen gibt, die in der Lage sind, diese Arten von Professionalit\u00e4t auszubilden und zu qualifizieren, <strong>gestaltet und entwirft das Unternehmen mit seiner Schule Ausbildungswege<\/strong>, mit denen es seinem Personal eine hohe und umfassende berufliche Qualifikation sichert.<\/span><\/p>\n<p><span lang=\"DE\">Die Bediener eines Autokranes, eines Sattelschleppers, eines Spezialfahrzeugs ben\u00f6tigen eine st\u00e4ndige Weiterbildung zur Erlernung aller Bestimmungen zur Unfallverh\u00fctung, Sicherheit. Nutzung und Wartung der verwendeten Ger\u00e4te. Die didaktische T\u00e4tigkeit wird sowohl mit den Ausbildern im Schulungsraum von Technikern und Fachausbildern, als auch mit der schrittweisen Ann\u00e4herung an die Arbeitsmittel, von den einfachsten zu den mit der h\u00f6chsten Technologie, immer mit Unterst\u00fctzung durch <strong>bereits erfahrenes und spezialisiertes Personal<\/strong> entwickelt.<\/span>[\/vc_column_text][\/vc_column_inner][vc_column_inner width=&#8221;1\/2&#8243;][vc_column_text el_class=&#8221;text-align-justify&#8221;]<span lang=\"DE\">Danach werden je nach den individuellen Eigenschaften und Eignungen die entsprechenden Stellen und Aufgaben innerhalb des Arbeitszyklus von Vernazza ausgew\u00e4hlt.<\/span><\/p>\n<p><span lang=\"DE\">Die Art der Ma\u00dfnahmen, die das Unternehmen seiner Kundschaft anbietet, erfordert den Einsatz qualifizierten Personals <strong>in Teamarbeit<\/strong>, das in der Lage ist, sowohl die t\u00e4gliche Routine-Arbeit als auch Arbeiten von hoher Komplexit\u00e4t zu bew\u00e4ltigen. Zu diesem Zweck wurde bei Vernazza unl\u00e4ngst eine spezifische Funktion f\u00fcr die Weiterbildung und Schulung der Besch\u00e4ftigten, mit Sitz in Savona, in Corso Svizzera (Ecke Via Frumento) verst\u00e4rkt.<\/span><\/p>\n<p><span lang=\"DE\">Durch die j\u00fcngst aufgenommene Zusammenarbeit mit der <strong>Ente Scuola Edile der Provinz Savona<\/strong> (Bauarbeiterschule), wurden eine Reihe von Kursen f\u00fcr die Weiterbildung der Besch\u00e4ftigten vorbereitet, die Autokr\u00e4ne, Hebeb\u00fchnen, Lastwagen mit Kran, auch mit Anh\u00e4nger, Kranbr\u00fccken, Baukr\u00e4ne, Gabelstapler auch teleskopischer Art, drehbar und mit Schaufel bedienen sowie als Anschl\u00e4ger und Signalgeber t\u00e4tig sind.<\/span>[\/vc_column_text][\/vc_column_inner][\/vc_row_inner][vc_separator type=&#8221;small&#8221; position=&#8221;center&#8221; border_style=&#8221;&#8221;][vc_column_text el_class=&#8221;text-align-justify&#8221;]Die St\u00e4rke der Kurse ist die konkrete M\u00f6glichkeit f\u00fcr die Lernenden, w\u00e4hrend des Weiterbildungsprozesses eingesetzt zu werden und t\u00e4glich die theoretische Qualifizierung mit der praktischen zu vergleichen: im Schulraum, mit der M\u00f6glichkeit der Verwendung eines\u00a0 <strong>virtuellen Simulators<\/strong>, der getreu Man\u00f6vriersituationen wiedergibt, oder im Arbeitsbereich Tests mit den Ger\u00e4ten, wo die in der Schulstunde erlernten Kenntnisse f\u00fcr das Heben angewandt werden k\u00f6nnen.<\/p>\n<p>Auf diese Weise hat der Teilnehmer am Ende der Weiterbildung die M\u00f6glichkeit, auf spezifische Weise die Verfahren und die Gesamtheit der technisch-praktischen Prinzipien kennenzulernen und zu erfassen, sowie auch die Risiken und kritischen Punkte zu bewerten. Danach ist er bereit, mit Professionalit\u00e4t und Sicherheit die Hubvorg\u00e4nge, das Absetzen, das Einrichten und die Kordinierung zwischen verschiedenen Ger\u00e4tearten verwendeten Ausr\u00fcstungen auszuf\u00fchren.<\/p>\n<p>Durch die vertiefende Weiterbildung und die angemessene Schulung zum Schutz der Sicherheit am Arbeitsplatz, ist die Firma Vernazza Autogr\u00f9 heute auf dem Markt mit jenem <strong>Mehrwert<\/strong> pr\u00e4sent, der ihre Professionalit\u00e4t n\u00e4her definiert.[\/vc_column_text][vc_empty_space height=&#8221;55px&#8221;][vc_row_inner row_type=&#8221;row&#8221; type=&#8221;full_width&#8221; use_row_as_full_screen_section_slide=&#8221;no&#8221; text_align=&#8221;center&#8221; css_animation=&#8221;&#8221;][vc_column_inner]<a href=\"http:\/\/vernazzautogru.com\/wp-content\/uploads\/2017\/10\/corsi_formazione_ITA.pdf\" target=\"_blank\"  class=\"qbutton  qbutton_with_icon\" style=\"\">Laden Sie das Formular herunter<i class=\"button_icon  custom_icon_size fa fa-file-pdf-o\" style=\"font-size: 20px;\"><\/i><\/a>[\/vc_column_inner][\/vc_row_inner][vc_empty_space height=&#8221;75px&#8221;][\/vc_column][\/vc_row]<\/p>\n<\/div>","protected":false},"excerpt":{"rendered":"<p>[vc_row row_type=&#8221;row&#8221; use_row_as_full_screen_section=&#8221;no&#8221; type=&#8221;full_width&#8221; text_align=&#8221;left&#8221; css_animation=&#8221;&#8221;][vc_column][vc_text_separator title=&#8221;UNTERNEHMENSCHULUNGEN&#8221; border_color=&#8221;#f5f5f5&#8243; background_color=&#8221;#f5f5f5&#8243; title_color=&#8221;#000000&#8243; el_class=&#8221;no-bg&#8221;][vc_empty_space height=&#8221;45px&#8221;][vc_row_inner row_type=&#8221;row&#8221; type=&#8221;full_width&#8221; use_row_as_full_screen_section_slide=&#8221;no&#8221; text_align=&#8221;left&#8221; css_animation=&#8221;&#8221;][vc_column_inner width=&#8221;1\/2&#8243;][vc_column_text el_class=&#8221;text-align-justify&#8221;]Die Geschichte der Firma Vernazza Autogr\u00f9 entwickelt&#8230;<\/p>\n","protected":false},"author":2,"featured_media":0,"parent":0,"menu_order":22,"comment_status":"closed","ping_status":"closed","template":"","meta":{"footnotes":""},"acf":[],"_links":{"self":[{"href":"https:\/\/vernazzautogru.com\/de\/wp-json\/wp\/v2\/pages\/3602"}],"collection":[{"href":"https:\/\/vernazzautogru.com\/de\/wp-json\/wp\/v2\/pages"}],"about":[{"href":"https:\/\/vernazzautogru.com\/de\/wp-json\/wp\/v2\/types\/page"}],"author":[{"embeddable":true,"href":"https:\/\/vernazzautogru.com\/de\/wp-json\/wp\/v2\/users\/2"}],"replies":[{"embeddable":true,"href":"https:\/\/vernazzautogru.com\/de\/wp-json\/wp\/v2\/comments?post=3602"}],"version-history":[{"count":4,"href":"https:\/\/vernazzautogru.com\/de\/wp-json\/wp\/v2\/pages\/3602\/revisions"}],"predecessor-version":[{"id":3997,"href":"https:\/\/vernazzautogru.com\/de\/wp-json\/wp\/v2\/pages\/3602\/revisions\/3997"}],"wp:attachment":[{"href":"https:\/\/vernazzautogru.com\/de\/wp-json\/wp\/v2\/media?parent=3602"}],"curies":[{"name":"wp","href":"https:\/\/api.w.org\/{rel}","templated":true}]}}