{"id":3634,"date":"2017-09-29T14:49:46","date_gmt":"2017-09-29T12:49:46","guid":{"rendered":"http:\/\/vernazzautogru.com\/uber-uns\/"},"modified":"2021-04-20T16:37:31","modified_gmt":"2021-04-20T14:37:31","slug":"uber-uns","status":"publish","type":"page","link":"https:\/\/vernazzautogru.com\/de\/uber-uns\/","title":{"rendered":"\u00dcber uns"},"content":{"rendered":"<div class=\"wpb-content-wrapper\">\n<!-- SEO Ultimate (http:\/\/www.seodesignsolutions.com\/wordpress-seo\/) - Code Inserter module -->\n<!-- Google Tag Manager (noscript) -->\r\n<noscript><iframe src=\"https:\/\/www.googletagmanager.com\/ns.html?id=GTM-WJ6GDRL\"\r\nheight=\"0\" width=\"0\" style=\"display:none;visibility:hidden\"><\/iframe><\/noscript>\r\n<!-- End Google Tag Manager (noscript) -->\n<!-- \/SEO Ultimate -->\n\n<p>[vc_row row_type=&#8221;row&#8221; use_row_as_full_screen_section=&#8221;no&#8221; type=&#8221;grid&#8221; text_align=&#8221;left&#8221; css_animation=&#8221;&#8221;][vc_column][vc_text_separator title=&#8221;<small>UNTERNEHMEN<\/small>INDUSTRIELLE HANDHABUNG&#8221; border_color=&#8221;#f5f5f5&#8243; background_color=&#8221;#f5f5f5&#8243; title_color=&#8221;#000000&#8243; el_class=&#8221;no-bg&#8221;][vc_empty_space height=&#8221;45px&#8221;][vc_row_inner row_type=&#8221;row&#8221; type=&#8221;full_width&#8221; use_row_as_full_screen_section_slide=&#8221;no&#8221; text_align=&#8221;left&#8221; css_animation=&#8221;&#8221;][vc_column_inner width=&#8221;9\/12&#8243;][vc_column_text el_class=&#8221;text-align-justify&#8221;]Die Gesellschaft, mit Zertifizierung nach\u00a0<strong>ISO 9001<\/strong><strong>,\u00a0ISO 14001\u00a0<\/strong>und\u00a0<strong>BS OHSAS 45001<\/strong>, die seit 1946 auf dem Markt vertreten ist, besitzt heute auf nationaler und internationaler Ebene eine prim\u00e4re Rolle im Bereich der Hubvorg\u00e4nge, der Arbeiten in der H\u00f6he mittels Arbeitsb\u00fchnen und der Sondertransporte.<\/p>\n<p>Die Firma Vernazza Autogr\u00f9 S.r.l. verf\u00fcgt \u00fcber einen Maschinenpark von etwa zweihundert Einheiten, bestehend aus Autokr\u00e4nen mit Teleskoparm, auf Raupenketten und mit Gittermast, selbstfahrenden Hebeb\u00fchnen, Lastwagen, Sattelzugmaschinen, Anh\u00e4ngern, Sattelauflieger, auch f\u00fcr Sondertransporte und andere Spezialfahrzeuge.<\/p>\n<p>Das Unternehmen bietet seiner Kundschaft heute mit der modernsten Technologie ihres Fuhrparks eine komplette Leistung, von der Studie und der Planung bis zur Verwirklichung des verschiedensten Anfragen, wozu auch die langj\u00e4hrige Erfahrung und die hohe technische Spezialisierung des im Unternehmen geschulten Personals beitr\u00e4gt.[\/vc_column_text][\/vc_column_inner][vc_column_inner width=&#8221;3\/12&#8243;][vc_empty_space height=&#8221;15px&#8221;][vc_single_image image=&#8221;10414&#8243; img_size=&#8221;full&#8221; alignment=&#8221;center&#8221; qode_css_animation=&#8221;&#8221;][vc_empty_space height=&#8221;15px&#8221;][\/vc_column_inner][\/vc_row_inner][vc_empty_space height=&#8221;75px&#8221;][\/vc_column][\/vc_row][vc_row row_type=&#8221;row&#8221; use_row_as_full_screen_section=&#8221;no&#8221; type=&#8221;grid&#8221; text_align=&#8221;left&#8221; background_color=&#8221;#ffffff&#8221; css_animation=&#8221;&#8221;][vc_column][vc_empty_space height=&#8221;45px&#8221;][vc_text_separator title=&#8221;<small>UNTERNEHMEN<\/small>STUDIE UND PLANUNG&#8221; title_color=&#8221;#000000&#8243; el_class=&#8221;no-bg&#8221; border_color=&#8221;#ffffff&#8221; background_color=&#8221;#ffffff&#8221;][vc_empty_space height=&#8221;45px&#8221;][vc_row_inner row_type=&#8221;row&#8221; type=&#8221;full_width&#8221; use_row_as_full_screen_section_slide=&#8221;no&#8221; text_align=&#8221;left&#8221; css_animation=&#8221;&#8221;][vc_column_inner width=&#8221;1\/2&#8243;][vc_column_text el_class=&#8221;text-align-justify&#8221;]Die Firma Vernazza Autogru Srl wurde die mit den Bereichen, die sich am st\u00e4rksten entwickelt haben, wie das Heben und der Transport, veranlasst, ein auch in den Phasen der Studie und der Planung der ihrer Kundschaft angebotenen Leistungen besonders erfahrenes technisches Personal zu bilden.<\/p>\n<p>Bereits in der Anfangsphase des Angebotes ist das Unternehmen in der Lage, dem Kunden eine Planung der Projektentwicklung auch mit CAD-Zeichnung ab dem anf\u00e4nglichen Zeitpunkt der Durchf\u00fchrungsstudie der verschiedenen Arbeitsphasen anzubieten.<\/p>\n<p>Die Wachstumspl\u00e4ne des Unternehmens, die in den vergangenen Jahren verwirklicht[\/vc_column_text][\/vc_column_inner][vc_column_inner width=&#8221;1\/2&#8243;][vc_column_text el_class=&#8221;text-align-justify&#8221;]wurden, verfolgen das erstrangige Ziel, den Bereich der Hubarbeiten zu spezialisieren und zu vergr\u00f6\u00dfern, in dem die Firma Vernazza seit Jahrzehnten t\u00e4tig ist, nicht nur durch eine progressive technologische Erneuerung des Fuhrparks in den verschiedenen Bereichen, ihrer Kundschaft eine effiziente und umfassende Antwort auch bei den speziellsten und aufwendigsten Erfordernissen auch durch Planung CAD und 3D zu geben.<\/p>\n<p>So ist das Unternehmen in der Lage, eine hoch qualifizierte technische Beratung anzubieten, den Kunden bei den verschiedenen kritischen Momenten und Problemen zu unterst\u00fctzen, sowie die M\u00f6glichkeit zu bieten, die komplette Phase des Hebens und des Transports nach den gew\u00fcnschten Erfordernissen aufzubauen und zu \u201cmodellieren\u201d sowie die verschiedenen Entwicklungen Schritt f\u00fcr Schritt zu pr\u00fcfen.[\/vc_column_text][\/vc_column_inner][\/vc_row_inner][vc_empty_space height=&#8221;75px&#8221;][\/vc_column][\/vc_row][vc_row row_type=&#8221;row&#8221; use_row_as_full_screen_section=&#8221;no&#8221; type=&#8221;full_width&#8221; text_align=&#8221;left&#8221; css_animation=&#8221;&#8221;][vc_column]<div class='qode_image_gallery_no_space dark'><div class='qode_image_gallery_holder' style='height: 400px;'><ul><li><div style=\"height: 400px; width:582px;\"><a class=\"prettyphoto\" rel=\"prettyPhoto[rel-259672342]\" href=\"https:\/\/vernazzautogru.com\/wp-content\/uploads\/2017\/09\/gallery-01.jpg\"><img decoding=\"async\" src=\"https:\/\/vernazzautogru.com\/wp-content\/uploads\/2017\/09\/gallery-01.jpg\" alt=\"\" \/><\/a><\/div><\/li><li><div style=\"height: 400px; width:306px;\"><a class=\"prettyphoto\" rel=\"prettyPhoto[rel-259672342]\" href=\"https:\/\/vernazzautogru.com\/wp-content\/uploads\/2017\/09\/gallery-03.jpg\"><img decoding=\"async\" src=\"https:\/\/vernazzautogru.com\/wp-content\/uploads\/2017\/09\/gallery-03.jpg\" alt=\"\" \/><\/a><\/div><\/li><li><div style=\"height: 400px; width:564px;\"><a class=\"prettyphoto\" rel=\"prettyPhoto[rel-259672342]\" href=\"https:\/\/vernazzautogru.com\/wp-content\/uploads\/2017\/09\/gallery-02.jpg\"><img decoding=\"async\" src=\"https:\/\/vernazzautogru.com\/wp-content\/uploads\/2017\/09\/gallery-02.jpg\" alt=\"\" \/><\/a><\/div><\/li><li><div style=\"height: 400px; width:534px;\"><a class=\"prettyphoto\" rel=\"prettyPhoto[rel-259672342]\" href=\"https:\/\/vernazzautogru.com\/wp-content\/uploads\/2017\/09\/gallery-04.jpg\"><img decoding=\"async\" src=\"https:\/\/vernazzautogru.com\/wp-content\/uploads\/2017\/09\/gallery-04.jpg\" alt=\"\" \/><\/a><\/div><\/li><li><div style=\"height: 400px; width:712px;\"><a class=\"prettyphoto\" rel=\"prettyPhoto[rel-259672342]\" href=\"https:\/\/vernazzautogru.com\/wp-content\/uploads\/2017\/09\/gallery-05.jpg\"><img decoding=\"async\" src=\"https:\/\/vernazzautogru.com\/wp-content\/uploads\/2017\/09\/gallery-05.jpg\" alt=\"\" \/><\/a><\/div><\/li><li><div style=\"height: 400px; width:534px;\"><a class=\"prettyphoto\" rel=\"prettyPhoto[rel-259672342]\" href=\"https:\/\/vernazzautogru.com\/wp-content\/uploads\/2017\/09\/gallery-06.jpg\"><img decoding=\"async\" src=\"https:\/\/vernazzautogru.com\/wp-content\/uploads\/2017\/09\/gallery-06.jpg\" alt=\"\" \/><\/a><\/div><\/li><\/ul><\/div><div class=\"controls\"><a class=\"prev-slide\" href=\"#\"><span class=\"arrow_carrot-left\"><\/span><\/a><a class=\"next-slide\" href=\"#\"><span class=\"arrow_carrot-right\"><\/span><\/a><\/div><\/div>[\/vc_column][\/vc_row][vc_row row_type=&#8221;row&#8221; use_row_as_full_screen_section=&#8221;no&#8221; type=&#8221;grid&#8221; text_align=&#8221;left&#8221; background_color=&#8221;#ffffff&#8221; css_animation=&#8221;&#8221;][vc_column][vc_empty_space height=&#8221;75px&#8221;][vc_text_separator title=&#8221;<small>UNTERNEHMEN<\/small>SONDERTRANSPORTE&#8221; title_color=&#8221;#000000&#8243; el_class=&#8221;no-bg&#8221; border_color=&#8221;#ffffff&#8221; background_color=&#8221;#ffffff&#8221;][vc_empty_space height=&#8221;45px&#8221;][vc_column_text el_class=&#8221;text-align-justify&#8221;]Au\u00dfer dem Bereich der Hubarbeiten kann die Firma Vernassa Autogru zu ihrem umfangreichen Fuhrpark, der aus Dutzenden von Stra\u00dfenfahrzeugen, Anh\u00e4ngern und normalen Sattelaufliegern au\u00dferdem Sattelz\u00fcge f\u00fcr Sondertransporte auch mit drei oder vier Achsen, Anh\u00e4nger und Sattelauflieger mit mehreren Lenkachsen, mit Funksteuerung und auch ausziehbar z\u00e4hlen. Zu diesem herausragenden Fuhrpark geh\u00f6ren zahlreiche Lastwagen und Kr\u00e4ne mit unterschiedlicher Gr\u00f6\u00dfe und Tragf\u00e4higkeit, sowie auch H\u00e4ngerz\u00fcge mit Paletten und Winde. Diese Vielf\u00e4ltigkeit der Fahrzeuge erlaubt es dem Unternehmen, Transporte sowohl auf den gew\u00f6hnlichen Stra\u00dfen als auch auf jeglicher Baustelle auszuf\u00fchren.<\/p>\n<p>Das Unternehmen bietet neben den oben genannten Transporten auch die Erbringung der Fachbegleitung im nationalen und internationalen Bereich mit eigenem zugelassenem Personal.<\/p>\n<p>Die Spezialisierungsbereiche sind rein beispielsweise die Umsetzung und der Transport von Arbeitsmaschinen, Turbinen, schweren Fahrzeugen, Booten, besonderen Bauwerken, Anlagen, Fertigteilen, Schwermetallbau, Silos und Beh\u00e4ltern.[\/vc_column_text][vc_empty_space height=&#8221;75px&#8221;][\/vc_column][\/vc_row]<\/p>\n<\/div>","protected":false},"excerpt":{"rendered":"<p>[vc_row row_type=&#8221;row&#8221; use_row_as_full_screen_section=&#8221;no&#8221; type=&#8221;grid&#8221; text_align=&#8221;left&#8221; css_animation=&#8221;&#8221;][vc_column][vc_text_separator title=&#8221;UNTERNEHMENINDUSTRIELLE HANDHABUNG&#8221; border_color=&#8221;#f5f5f5&#8243; background_color=&#8221;#f5f5f5&#8243; title_color=&#8221;#000000&#8243; el_class=&#8221;no-bg&#8221;][vc_empty_space height=&#8221;45px&#8221;][vc_row_inner row_type=&#8221;row&#8221; type=&#8221;full_width&#8221; use_row_as_full_screen_section_slide=&#8221;no&#8221; text_align=&#8221;left&#8221; css_animation=&#8221;&#8221;][vc_column_inner width=&#8221;9\/12&#8243;][vc_column_text el_class=&#8221;text-align-justify&#8221;]Die Gesellschaft, mit Zertifizierung nach\u00a0ISO 9001,\u00a0ISO&#8230;<\/p>\n","protected":false},"author":2,"featured_media":0,"parent":0,"menu_order":20,"comment_status":"closed","ping_status":"closed","template":"full_width.php","meta":{"footnotes":""},"acf":[],"_links":{"self":[{"href":"https:\/\/vernazzautogru.com\/de\/wp-json\/wp\/v2\/pages\/3634"}],"collection":[{"href":"https:\/\/vernazzautogru.com\/de\/wp-json\/wp\/v2\/pages"}],"about":[{"href":"https:\/\/vernazzautogru.com\/de\/wp-json\/wp\/v2\/types\/page"}],"author":[{"embeddable":true,"href":"https:\/\/vernazzautogru.com\/de\/wp-json\/wp\/v2\/users\/2"}],"replies":[{"embeddable":true,"href":"https:\/\/vernazzautogru.com\/de\/wp-json\/wp\/v2\/comments?post=3634"}],"version-history":[{"count":9,"href":"https:\/\/vernazzautogru.com\/de\/wp-json\/wp\/v2\/pages\/3634\/revisions"}],"predecessor-version":[{"id":10420,"href":"https:\/\/vernazzautogru.com\/de\/wp-json\/wp\/v2\/pages\/3634\/revisions\/10420"}],"wp:attachment":[{"href":"https:\/\/vernazzautogru.com\/de\/wp-json\/wp\/v2\/media?parent=3634"}],"curies":[{"name":"wp","href":"https:\/\/api.w.org\/{rel}","templated":true}]}}