{"id":3639,"date":"2017-09-29T14:49:03","date_gmt":"2017-09-29T12:49:03","guid":{"rendered":"http:\/\/vernazzautogru.com\/startseite\/"},"modified":"2018-01-11T10:16:34","modified_gmt":"2018-01-11T09:16:34","slug":"startseite","status":"publish","type":"page","link":"https:\/\/vernazzautogru.com\/de\/","title":{"rendered":"Startseite"},"content":{"rendered":"<div class=\"wpb-content-wrapper\">\n<!-- SEO Ultimate (http:\/\/www.seodesignsolutions.com\/wordpress-seo\/) - Code Inserter module -->\n<!-- Google Tag Manager (noscript) -->\r\n<noscript><iframe src=\"https:\/\/www.googletagmanager.com\/ns.html?id=GTM-WJ6GDRL\"\r\nheight=\"0\" width=\"0\" style=\"display:none;visibility:hidden\"><\/iframe><\/noscript>\r\n<!-- End Google Tag Manager (noscript) -->\n<!-- \/SEO Ultimate -->\n\n<p>[vc_row row_type=&#8221;row&#8221; use_row_as_full_screen_section=&#8221;no&#8221; type=&#8221;full_width&#8221; text_align=&#8221;left&#8221; css_animation=&#8221;&#8221; css=&#8221;.vc_custom_1506948450942{margin-top: -75px !important;}&#8221;][vc_column]\n<div id=\"rev_slider_1_1_wrapper\" class=\"rev_slider_wrapper fullwidthbanner-container\" data-source=\"gallery\" style=\"margin:0px auto;padding:0px;margin-top:0px;margin-bottom:0px;\">\n<!-- START REVOLUTION SLIDER 5.3.0.2 fullwidth mode -->\n\t<div id=\"rev_slider_1_1\" class=\"rev_slider fullwidthabanner\" style=\"display:none;\" data-version=\"5.3.0.2\">\n<ul>\t<!-- SLIDE  -->\n\t<li data-index=\"rs-1\" data-transition=\"slidingoverlaydown\" data-slotamount=\"default\" data-hideafterloop=\"0\" data-hideslideonmobile=\"off\"  data-easein=\"default\" data-easeout=\"default\" data-masterspeed=\"default\"  data-thumb=\"https:\/\/vernazzautogru.com\/wp-content\/uploads\/2017\/09\/slide-01-100x50.jpg\"  data-rotate=\"0\"  data-saveperformance=\"off\"  data-title=\"Slide\" data-param1=\"\" data-param2=\"\" data-param3=\"\" data-param4=\"\" data-param5=\"\" data-param6=\"\" data-param7=\"\" data-param8=\"\" data-param9=\"\" data-param10=\"\" data-description=\"\">\n\t\t<!-- MAIN IMAGE -->\n\t\t<img loading=\"lazy\" decoding=\"async\" src=\"https:\/\/vernazzautogru.com\/wp-content\/uploads\/2017\/09\/slide-01.jpg\"  alt=\"\" title=\"slide-01\"  width=\"1910\" height=\"1019\" data-bgposition=\"center center\" data-bgfit=\"cover\" data-bgrepeat=\"no-repeat\" class=\"rev-slidebg\" data-no-retina>\n\t\t<!-- LAYERS -->\n\t<\/li>\n\t<!-- SLIDE  -->\n\t<li data-index=\"rs-3\" data-transition=\"slidingoverlaydown\" data-slotamount=\"default\" data-hideafterloop=\"0\" data-hideslideonmobile=\"off\"  data-easein=\"default\" data-easeout=\"default\" data-masterspeed=\"default\"  data-thumb=\"https:\/\/vernazzautogru.com\/wp-content\/uploads\/2017\/10\/slide-02-100x50.jpg\"  data-rotate=\"0\"  data-saveperformance=\"off\"  data-title=\"Slide\" data-param1=\"\" data-param2=\"\" data-param3=\"\" data-param4=\"\" data-param5=\"\" data-param6=\"\" data-param7=\"\" data-param8=\"\" data-param9=\"\" data-param10=\"\" data-description=\"\">\n\t\t<!-- MAIN IMAGE -->\n\t\t<img loading=\"lazy\" decoding=\"async\" src=\"https:\/\/vernazzautogru.com\/wp-content\/uploads\/2017\/10\/slide-02.jpg\"  alt=\"\" title=\"slide-02\"  width=\"1910\" height=\"1019\" data-bgposition=\"center center\" data-bgfit=\"cover\" data-bgrepeat=\"no-repeat\" class=\"rev-slidebg\" data-no-retina>\n\t\t<!-- LAYERS -->\n\t<\/li>\n\t<!-- SLIDE  -->\n\t<li data-index=\"rs-4\" data-transition=\"slidingoverlaydown\" data-slotamount=\"default\" data-hideafterloop=\"0\" data-hideslideonmobile=\"off\"  data-easein=\"default\" data-easeout=\"default\" data-masterspeed=\"default\"  data-thumb=\"https:\/\/vernazzautogru.com\/wp-content\/uploads\/2017\/10\/slide-03-100x50.jpg\"  data-rotate=\"0\"  data-saveperformance=\"off\"  data-title=\"Slide\" data-param1=\"\" data-param2=\"\" data-param3=\"\" data-param4=\"\" data-param5=\"\" data-param6=\"\" data-param7=\"\" data-param8=\"\" data-param9=\"\" data-param10=\"\" data-description=\"\">\n\t\t<!-- MAIN IMAGE -->\n\t\t<img loading=\"lazy\" decoding=\"async\" src=\"https:\/\/vernazzautogru.com\/wp-content\/uploads\/2017\/10\/slide-03.jpg\"  alt=\"\" title=\"slide-03\"  width=\"1910\" height=\"1019\" data-bgposition=\"center center\" data-bgfit=\"cover\" data-bgrepeat=\"no-repeat\" class=\"rev-slidebg\" data-no-retina>\n\t\t<!-- LAYERS -->\n\t<\/li>\n\t<!-- SLIDE  -->\n\t<li data-index=\"rs-5\" data-transition=\"slidingoverlaydown\" data-slotamount=\"default\" data-hideafterloop=\"0\" data-hideslideonmobile=\"off\"  data-easein=\"default\" data-easeout=\"default\" data-masterspeed=\"default\"  data-thumb=\"https:\/\/vernazzautogru.com\/wp-content\/uploads\/2017\/10\/slide-04-100x50.jpg\"  data-rotate=\"0\"  data-saveperformance=\"off\"  data-title=\"Slide\" data-param1=\"\" data-param2=\"\" data-param3=\"\" data-param4=\"\" data-param5=\"\" data-param6=\"\" data-param7=\"\" data-param8=\"\" data-param9=\"\" data-param10=\"\" data-description=\"\">\n\t\t<!-- MAIN IMAGE -->\n\t\t<img loading=\"lazy\" decoding=\"async\" src=\"https:\/\/vernazzautogru.com\/wp-content\/uploads\/2017\/10\/slide-04.jpg\"  alt=\"\" title=\"slide-04\"  width=\"1910\" height=\"1019\" data-bgposition=\"center center\" data-bgfit=\"cover\" data-bgrepeat=\"no-repeat\" class=\"rev-slidebg\" data-no-retina>\n\t\t<!-- LAYERS -->\n\t<\/li>\n<\/ul>\n<script>var htmlDiv = document.getElementById(\"rs-plugin-settings-inline-css\"); var htmlDivCss=\"\";\r\n\t\t\t\t\t\tif(htmlDiv) {\r\n\t\t\t\t\t\t\thtmlDiv.innerHTML = htmlDiv.innerHTML + htmlDivCss;\r\n\t\t\t\t\t\t}else{\r\n\t\t\t\t\t\t\tvar htmlDiv = document.createElement(\"div\");\r\n\t\t\t\t\t\t\thtmlDiv.innerHTML = \"<style>\" + htmlDivCss + \"<\/style>\";\r\n\t\t\t\t\t\t\tdocument.getElementsByTagName(\"head\")[0].appendChild(htmlDiv.childNodes[0]);\r\n\t\t\t\t\t\t}\r\n\t\t\t\t\t<\/script>\n<div class=\"tp-bannertimer tp-bottom\" style=\"visibility: hidden !important;\"><\/div>\t<\/div>\n<script>var htmlDiv = document.getElementById(\"rs-plugin-settings-inline-css\"); var htmlDivCss=\"\";\r\n\t\t\t\tif(htmlDiv) {\r\n\t\t\t\t\thtmlDiv.innerHTML = htmlDiv.innerHTML + htmlDivCss;\r\n\t\t\t\t}else{\r\n\t\t\t\t\tvar htmlDiv = document.createElement(\"div\");\r\n\t\t\t\t\thtmlDiv.innerHTML = \"<style>\" + htmlDivCss + \"<\/style>\";\r\n\t\t\t\t\tdocument.getElementsByTagName(\"head\")[0].appendChild(htmlDiv.childNodes[0]);\r\n\t\t\t\t}\r\n\t\t\t<\/script>\n\t\t<script type=\"text\/javascript\">\r\n\t\t\t\t\t\t\/******************************************\r\n\t\t\t\t-\tPREPARE PLACEHOLDER FOR SLIDER\t-\r\n\t\t\t******************************************\/\r\n\r\n\t\t\tvar setREVStartSize=function(){\r\n\t\t\t\ttry{var e=new Object,i=jQuery(window).width(),t=9999,r=0,n=0,l=0,f=0,s=0,h=0;\r\n\t\t\t\t\te.c = jQuery('#rev_slider_1_1');\r\n\t\t\t\t\te.gridwidth = [1240];\r\n\t\t\t\t\te.gridheight = [868];\r\n\t\t\t\t\t\t\t\r\n\t\t\t\t\te.sliderLayout = \"fullwidth\";\r\n\t\t\t\t\tif(e.responsiveLevels&&(jQuery.each(e.responsiveLevels,function(e,f){f>i&&(t=r=f,l=e),i>f&&f>r&&(r=f,n=e)}),t>r&&(l=n)),f=e.gridheight[l]||e.gridheight[0]||e.gridheight,s=e.gridwidth[l]||e.gridwidth[0]||e.gridwidth,h=i\/s,h=h>1?1:h,f=Math.round(h*f),\"fullscreen\"==e.sliderLayout){var u=(e.c.width(),jQuery(window).height());if(void 0!=e.fullScreenOffsetContainer){var c=e.fullScreenOffsetContainer.split(\",\");if (c) jQuery.each(c,function(e,i){u=jQuery(i).length>0?u-jQuery(i).outerHeight(!0):u}),e.fullScreenOffset.split(\"%\").length>1&&void 0!=e.fullScreenOffset&&e.fullScreenOffset.length>0?u-=jQuery(window).height()*parseInt(e.fullScreenOffset,0)\/100:void 0!=e.fullScreenOffset&&e.fullScreenOffset.length>0&&(u-=parseInt(e.fullScreenOffset,0))}f=u}else void 0!=e.minHeight&&f<e.minHeight&&(f=e.minHeight);e.c.closest(\".rev_slider_wrapper\").css({height:f})\r\n\t\t\t\t\t\r\n\t\t\t\t}catch(d){console.log(\"Failure at Presize of Slider:\"+d)}\r\n\t\t\t};\r\n\t\t\t\r\n\t\t\tsetREVStartSize();\r\n\t\t\t\r\n\t\t\t\t\t\tvar tpj=jQuery;\r\n\t\t\t\r\n\t\t\tvar revapi1;\r\n\t\t\ttpj(document).ready(function() {\n\t\t\t\tif(tpj(\"#rev_slider_1_1\").revolution == undefined){\n\t\t\t\t\trevslider_showDoubleJqueryError(\"#rev_slider_1_1\");\n\t\t\t\t}else{\n\t\t\t\t\trevapi1 = tpj(\"#rev_slider_1_1\").show().revolution({\n\t\t\t\t\t\tsliderType:\"standard\",\njsFileLocation:\"\/\/vernazzautogru.com\/wp-content\/plugins\/revslider\/public\/assets\/js\/\",\n\t\t\t\t\t\tsliderLayout:\"fullwidth\",\n\t\t\t\t\t\tdottedOverlay:\"none\",\n\t\t\t\t\t\tdelay:9000,\n\t\t\t\t\t\tnavigation: {\n\t\t\t\t\t\t\tkeyboardNavigation:\"off\",\n\t\t\t\t\t\t\tkeyboard_direction: \"horizontal\",\n\t\t\t\t\t\t\tmouseScrollNavigation:\"off\",\n \t\t\t\t\t\t\tmouseScrollReverse:\"default\",\n\t\t\t\t\t\t\tonHoverStop:\"off\",\n\t\t\t\t\t\t\tbullets: {\n\t\t\t\t\t\t\t\tenable:true,\n\t\t\t\t\t\t\t\thide_onmobile:false,\n\t\t\t\t\t\t\t\tstyle:\"hermes\",\n\t\t\t\t\t\t\t\thide_onleave:false,\n\t\t\t\t\t\t\t\tdirection:\"horizontal\",\n\t\t\t\t\t\t\t\th_align:\"center\",\n\t\t\t\t\t\t\t\tv_align:\"bottom\",\n\t\t\t\t\t\t\t\th_offset:0,\n\t\t\t\t\t\t\t\tv_offset:20,\n\t\t\t\t\t\t\t\tspace:5,\n\t\t\t\t\t\t\t\ttmp:''\n\t\t\t\t\t\t\t}\n\t\t\t\t\t\t},\n\t\t\t\t\t\tvisibilityLevels:[1240,1024,778,480],\n\t\t\t\t\t\tgridwidth:1240,\n\t\t\t\t\t\tgridheight:868,\n\t\t\t\t\t\tlazyType:\"none\",\n\t\t\t\t\t\tshadow:0,\n\t\t\t\t\t\tspinner:\"spinner2\",\n\t\t\t\t\t\tstopLoop:\"off\",\n\t\t\t\t\t\tstopAfterLoops:-1,\n\t\t\t\t\t\tstopAtSlide:-1,\n\t\t\t\t\t\tshuffle:\"off\",\n\t\t\t\t\t\tautoHeight:\"off\",\n\t\t\t\t\t\tdisableProgressBar:\"on\",\n\t\t\t\t\t\thideThumbsOnMobile:\"off\",\n\t\t\t\t\t\thideSliderAtLimit:0,\n\t\t\t\t\t\thideCaptionAtLimit:0,\n\t\t\t\t\t\thideAllCaptionAtLilmit:0,\n\t\t\t\t\t\tdebugMode:false,\n\t\t\t\t\t\tfallbacks: {\n\t\t\t\t\t\t\tsimplifyAll:\"off\",\n\t\t\t\t\t\t\tnextSlideOnWindowFocus:\"off\",\n\t\t\t\t\t\t\tdisableFocusListener:false,\n\t\t\t\t\t\t}\n\t\t\t\t\t});\n\t\t\t\t}\n\t\t\t});\t\/*ready*\/\n\t\t<\/script>\r\n\t\t<script>\r\n\t\t\t\t\tvar htmlDivCss = ' #rev_slider_1_1_wrapper .tp-loader.spinner2{ background-color: #FFFFFF !important; } ';\r\n\t\t\t\t\tvar htmlDiv = document.getElementById('rs-plugin-settings-inline-css');\r\n\t\t\t\t\tif(htmlDiv) {\r\n\t\t\t\t\t\thtmlDiv.innerHTML = htmlDiv.innerHTML + htmlDivCss;\r\n\t\t\t\t\t}\r\n\t\t\t\t\telse{\r\n\t\t\t\t\t\tvar htmlDiv = document.createElement('div');\r\n\t\t\t\t\t\thtmlDiv.innerHTML = '<style>' + htmlDivCss + '<\/style>';\r\n\t\t\t\t\t\tdocument.getElementsByTagName('head')[0].appendChild(htmlDiv.childNodes[0]);\r\n\t\t\t\t\t}\r\n\t\t\t\t\t<\/script>\r\n\t\t\t\t\t<script>\r\n\t\t\t\t\tvar htmlDivCss = unescape(\".hermes.tp-bullets%20%7B%0A%7D%0A%0A.hermes%20.tp-bullet%20%7B%0A%20%20%20%20overflow%3Ahidden%3B%0A%20%20%20%20border-radius%3A50%25%3B%0A%20%20%20%20width%3A16px%3B%0A%20%20%20%20height%3A16px%3B%0A%20%20%20%20background-color%3A%20rgba%280%2C%200%2C%200%2C%200%29%3B%0A%20%20%20%20box-shadow%3A%20inset%200%200%200%202px%20rgb%28255%2C%20255%2C%20255%29%3B%0A%20%20%20%20-webkit-transition%3A%20background%200.3s%20ease%3B%0A%20%20%20%20transition%3A%20background%200.3s%20ease%3B%0A%20%20%20%20position%3Aabsolute%3B%0A%7D%0A%0A.hermes%20.tp-bullet%3Ahover%20%7B%0A%09%20%20background-color%3A%20rgba%280%2C0%2C0%2C0.21%29%3B%0A%7D%0A.hermes%20.tp-bullet%3Aafter%20%7B%0A%20%20content%3A%20%27%20%27%3B%0A%20%20position%3A%20absolute%3B%0A%20%20bottom%3A%200%3B%0A%20%20height%3A%200%3B%0A%20%20left%3A%200%3B%0A%20%20width%3A%20100%25%3B%0A%20%20background-color%3A%20rgb%28255%2C%20255%2C%20255%29%3B%0A%20%20box-shadow%3A%200%200%201px%20rgb%28255%2C%20255%2C%20255%29%3B%0A%20%20-webkit-transition%3A%20height%200.3s%20ease%3B%0A%20%20transition%3A%20height%200.3s%20ease%3B%0A%7D%0A.hermes%20.tp-bullet.selected%3Aafter%20%7B%0A%20%20height%3A100%25%3B%0A%7D%0A%0A\");\r\n\t\t\t\t\tvar htmlDiv = document.getElementById('rs-plugin-settings-inline-css');\r\n\t\t\t\t\tif(htmlDiv) {\r\n\t\t\t\t\t\thtmlDiv.innerHTML = htmlDiv.innerHTML + htmlDivCss;\r\n\t\t\t\t\t}\r\n\t\t\t\t\telse{\r\n\t\t\t\t\t\tvar htmlDiv = document.createElement('div');\r\n\t\t\t\t\t\thtmlDiv.innerHTML = '<style>' + htmlDivCss + '<\/style>';\r\n\t\t\t\t\t\tdocument.getElementsByTagName('head')[0].appendChild(htmlDiv.childNodes[0]);\r\n\t\t\t\t\t}\r\n\t\t\t\t  <\/script>\r\n\t\t\t\t<\/div><!-- END REVOLUTION SLIDER -->[\/vc_column][\/vc_row][vc_row row_type=&#8221;row&#8221; use_row_as_full_screen_section=&#8221;no&#8221; type=&#8221;full_width&#8221; text_align=&#8221;center&#8221; background_color=&#8221;#ffffff&#8221; css_animation=&#8221;&#8221; el_class=&#8221;vc_hidden-xs vc_hidden-sm&#8221;][vc_column][vc_row_inner row_type=&#8221;row&#8221; type=&#8221;full_width&#8221; use_row_as_full_screen_section_slide=&#8221;no&#8221; text_align=&#8221;center&#8221; css_animation=&#8221;&#8221; el_id=&#8221;container-box-servizi&#8221;][vc_column_inner el_class=&#8221;box-servizi-home&#8221; width=&#8221;1\/4&#8243;][vc_empty_space height=&#8221;25px&#8221;][vc_single_image image=&#8221;694&#8243; img_size=&#8221;full&#8221; alignment=&#8221;center&#8221; qode_css_animation=&#8221;&#8221;][vc_column_text]<\/p>\n<h3>KR\u00c4NE<\/h3>\n<p>[\/vc_column_text][vc_empty_space height=&#8221;25px&#8221;][\/vc_column_inner][vc_column_inner el_class=&#8221;box-servizi-home&#8221; width=&#8221;1\/4&#8243;][vc_empty_space height=&#8221;25px&#8221;][vc_single_image image=&#8221;695&#8243; img_size=&#8221;full&#8221; alignment=&#8221;center&#8221; qode_css_animation=&#8221;&#8221;][vc_column_text]<\/p>\n<h3>AU\u00dfERGEW\u00d6HNLICHE TRANSPORTE<\/h3>\n<p>[\/vc_column_text][vc_empty_space height=&#8221;25px&#8221;][\/vc_column_inner][vc_column_inner el_class=&#8221;box-servizi-home&#8221; width=&#8221;1\/4&#8243;][vc_empty_space height=&#8221;25px&#8221;][vc_single_image image=&#8221;696&#8243; img_size=&#8221;full&#8221; alignment=&#8221;center&#8221; qode_css_animation=&#8221;&#8221;][vc_column_text]<\/p>\n<h3>LOGISTIK<\/h3>\n<p>[\/vc_column_text][vc_empty_space height=&#8221;25px&#8221;][\/vc_column_inner][vc_column_inner el_class=&#8221;box-servizi-home&#8221; width=&#8221;1\/4&#8243;][vc_empty_space height=&#8221;25px&#8221;][vc_single_image image=&#8221;697&#8243; img_size=&#8221;full&#8221; alignment=&#8221;center&#8221; qode_css_animation=&#8221;&#8221;][vc_column_text]<\/p>\n<h3>HUBARBEITSB\u00dcHNEN<\/h3>\n<p>[\/vc_column_text][vc_empty_space height=&#8221;25px&#8221;][\/vc_column_inner][\/vc_row_inner][vc_row_inner row_type=&#8221;row&#8221; type=&#8221;full_width&#8221; use_row_as_full_screen_section_slide=&#8221;no&#8221; text_align=&#8221;center&#8221; css_animation=&#8221;&#8221;][vc_column_inner el_class=&#8221;box-servizi-home-bottom&#8221; width=&#8221;1\/4&#8243;]<a href=\"http:\/\/vernazzautogru.com\/de\/portfolio-category\/dienstleistungen-mobilkran\/\" target=\"_self\" data-hover-background-color=#fbbc00 data-hover-border-color=#fbbc00 data-hover-color=#ffffff class=\"qbutton  small\" style=\"color: #ffffff; border-color: #101010; background-color: #101010;\">ENTDECKEN<\/a>[vc_empty_space height=&#8221;15px&#8221;][\/vc_column_inner][vc_column_inner el_class=&#8221;box-servizi-home-bottom&#8221; width=&#8221;1\/4&#8243;]<a href=\"http:\/\/vernazzautogru.com\/de\/portfolio-category\/dienstleistungen-transport\/\" target=\"_self\" data-hover-background-color=#fbbc00 data-hover-border-color=#fbbc00 data-hover-color=#ffffff class=\"qbutton  small\" style=\"color: #ffffff; border-color: #101010; background-color: #101010;\">ENTDECKEN<\/a>[vc_empty_space height=&#8221;15px&#8221;][\/vc_column_inner][vc_column_inner el_class=&#8221;box-servizi-home-bottom&#8221; width=&#8221;1\/4&#8243;]<a href=\"http:\/\/vernazzautogru.com\/de\/portfolio-category\/dienstleistungen-logistik-und-lagerhaltung\/\" target=\"_self\" data-hover-background-color=#fbbc00 data-hover-border-color=#fbbc00 data-hover-color=#ffffff class=\"qbutton  small\" style=\"color: #ffffff; border-color: #101010; background-color: #101010;\">ENTDECKEN<\/a>[vc_empty_space height=&#8221;15px&#8221;][\/vc_column_inner][vc_column_inner el_class=&#8221;box-servizi-home-bottom&#8221; width=&#8221;1\/4&#8243;]<a href=\"http:\/\/vernazzautogru.com\/de\/portfolio-category\/dienstleistungen-arbeitsbuhnen\/\" target=\"_self\" data-hover-background-color=#fbbc00 data-hover-border-color=#fbbc00 data-hover-color=#ffffff class=\"qbutton  small\" style=\"color: #ffffff; border-color: #101010; background-color: #101010;\">ENTDECKEN<\/a>[vc_empty_space height=&#8221;15px&#8221;][\/vc_column_inner][\/vc_row_inner][\/vc_column][\/vc_row][vc_row row_type=&#8221;row&#8221; use_row_as_full_screen_section=&#8221;no&#8221; type=&#8221;grid&#8221; text_align=&#8221;left&#8221; background_color=&#8221;#ffffff&#8221; css_animation=&#8221;&#8221;][vc_column][vc_empty_space height=&#8221;85px&#8221;][vc_row_inner row_type=&#8221;row&#8221; type=&#8221;full_width&#8221; use_row_as_full_screen_section_slide=&#8221;no&#8221; text_align=&#8221;left&#8221; css_animation=&#8221;&#8221;][vc_column_inner width=&#8221;1\/2&#8243;][vc_single_image image=&#8221;684&#8243; img_size=&#8221;full&#8221; alignment=&#8221;center&#8221; qode_css_animation=&#8221;&#8221;][\/vc_column_inner][vc_column_inner width=&#8221;1\/2&#8243;]<div class=\"custom_font_holder\" style=\" font-size: 72px; line-height: 72px; font-style: normal; font-weight: 800; color: #eeac00; text-decoration: none; text-align: left;\"><span>SEIT 1946<\/span><\/div>[vc_empty_space height=&#8221;25px&#8221;][vc_column_text]<\/p>\n<h4>INDUSTRIELLE HANDHABUNGSTECHNIK UND SONDERTRANSPORTE<\/h4>\n<p>Die professionelle Technik unseres Unternehmens mit h\u00f6chsten Qualit\u00e4tsstandards zeigt sich insbesondere in der umfangreichen Erfahrung und hohen Spezialisierung unserer Mitarbeiter. Sie sind in der Lage, ad\u00e4quat auf die verschiedensten Anforderungen und W\u00fcnsche unserer Kunden einzugehen und in au\u00dfergew\u00f6hnlichem Ma\u00df zufriedenstellende L\u00f6sungen f\u00fcr diese zu finden.[\/vc_column_text][vc_empty_space height=&#8221;35px&#8221;]<a href=\"http:\/\/vernazzautogru.com\/de\/fragen-sie-nach-einem-angebot\/\" target=\"_self\" data-hover-background-color=#ffffff data-hover-border-color=#101010 data-hover-color=#101010 class=\"qbutton \" style=\"color: #eeac00; border-color: #101010; background-color: #101010;\">FRAGEN SIE NACH EINEM ANGEBOT<\/a>[\/vc_column_inner][\/vc_row_inner][vc_empty_space height=&#8221;100px&#8221;][vc_text_separator title=&#8221;<small>INTERVENTIONEN<\/small>ENTDECKEN SIE, WO WIR ARBEITEN&#8221; border_color=&#8221;#ffffff&#8221; background_color=&#8221;#ffffff&#8221; title_color=&#8221;#000000&#8243; el_class=&#8221;no-bg&#8221;][vc_row_inner row_type=&#8221;row&#8221; type=&#8221;full_width&#8221; use_row_as_full_screen_section_slide=&#8221;no&#8221; text_align=&#8221;center&#8221; css_animation=&#8221;&#8221;][vc_column_inner]<a href=\"http:\/\/vernazzautogru.com\/de\/category\/interventionen\/\" target=\"_self\"  class=\"qbutton  white\" style=\"\">GEHE ZUR SEITE<\/a>[\/vc_column_inner][\/vc_row_inner][vc_empty_space height=&#8221;45px&#8221;][vc_single_image image=&#8221;669&#8243; img_size=&#8221;full&#8221; alignment=&#8221;center&#8221; onclick=&#8221;custom_link&#8221; qode_css_animation=&#8221;&#8221; link=&#8221;http:\/\/vernazzautogru.com\/de\/category\/interventionen\/&#8221;][vc_empty_space height=&#8221;100px&#8221;][vc_text_separator title=&#8221;<small>AKTUELLES<\/small>ENTDECKE DIE NEUESTEN NEWS&#8221; background_color=&#8221;#eeac00&#8243; title_color=&#8221;#000000&#8243; border_color=&#8221;#eeac00&#8243;][vc_empty_space height=&#8221;60px&#8221;][vc_column_text]<!--W4PL_List_3154-->\n<div id=\"w4pl-list-3154\" class=\"w4pl\">\n\t<div id=\"w4pl-inner-3154\" class=\"w4pl-inner\">\n\t\t<div class=\"blog_holder masonry masonry_pagination\">\r\n\t\r\n\t\t<article class=\"post type-post status-publish format-standard has-post-thumbnail hentry\" style=\"margin-bottom:-60px;\">\r\n\t\t\t<div class=\"post_image\">\r\n\t\t\t\t<a href=\"https:\/\/vernazzautogru.com\/de\/disassembling-of-the-coal-pipeline\/\">\r\n\t\t\t\t\t<img src='https:\/\/vernazzautogru.com\/wp-content\/uploads\/2020\/06\/22-GIUGNO-345x198.jpg' class=\"attachment-portfolio-default size-portfolio-default wp-post-image\">\r\n\t\t\t\t\t<span class=\"post_overlay\">\r\n\t\t\t\t\t\t<i class=\"icon_plus\" aria-hidden=\"true\"><\/i>\r\n\t\t\t\t\t<\/span>\r\n\t\t\t\t<\/a>\r\n\t\t\t<\/div>\r\n\t\t\t<div class=\"post_text\">\r\n\t\t\t\t<div class=\"post_text_inner\">\r\n\t\t\t\t\t<h4><a href=\"https:\/\/vernazzautogru.com\/de\/disassembling-of-the-coal-pipeline\/\">Disassembling of the coal pipeline<\/a><\/h4>\r\n\t\t\t\t\t<p class=\"text-align-right\"><a href=\"https:\/\/vernazzautogru.com\/de\/disassembling-of-the-coal-pipeline\/\" style=\"color:#eeac00;\">Lesen Sie alles <i class=\"fa fa-arrow-right\" aria-hidden=\"true\"><\/i><\/a><\/p>\r\n\t\t\t\t<\/div>\r\n\t\t\t<\/div>\r\n\t\t<\/article>\r\n\t\r\n\t\t<article class=\"post type-post status-publish format-standard has-post-thumbnail hentry\" style=\"margin-bottom:-60px;\">\r\n\t\t\t<div class=\"post_image\">\r\n\t\t\t\t<a href=\"https:\/\/vernazzautogru.com\/de\/recovery-of-a-fishing-boat-in-the-port-of-genoa\/\">\r\n\t\t\t\t\t<img src='https:\/\/vernazzautogru.com\/wp-content\/uploads\/2020\/06\/DSC7876-345x198.jpg' class=\"attachment-portfolio-default size-portfolio-default wp-post-image\">\r\n\t\t\t\t\t<span class=\"post_overlay\">\r\n\t\t\t\t\t\t<i class=\"icon_plus\" aria-hidden=\"true\"><\/i>\r\n\t\t\t\t\t<\/span>\r\n\t\t\t\t<\/a>\r\n\t\t\t<\/div>\r\n\t\t\t<div class=\"post_text\">\r\n\t\t\t\t<div class=\"post_text_inner\">\r\n\t\t\t\t\t<h4><a href=\"https:\/\/vernazzautogru.com\/de\/recovery-of-a-fishing-boat-in-the-port-of-genoa\/\">Recovery of a fishing boat in the port of Genoa<\/a><\/h4>\r\n\t\t\t\t\t<p class=\"text-align-right\"><a href=\"https:\/\/vernazzautogru.com\/de\/recovery-of-a-fishing-boat-in-the-port-of-genoa\/\" style=\"color:#eeac00;\">Lesen Sie alles <i class=\"fa fa-arrow-right\" aria-hidden=\"true\"><\/i><\/a><\/p>\r\n\t\t\t\t<\/div>\r\n\t\t\t<\/div>\r\n\t\t<\/article>\r\n\t\r\n\t\t<article class=\"post type-post status-publish format-standard has-post-thumbnail hentry\" style=\"margin-bottom:-60px;\">\r\n\t\t\t<div class=\"post_image\">\r\n\t\t\t\t<a href=\"https:\/\/vernazzautogru.com\/de\/iter-worksite-transportation-lifting-and-skidding-operations-dryer-installation\/\">\r\n\t\t\t\t\t<img src='https:\/\/vernazzautogru.com\/wp-content\/uploads\/2020\/06\/DSC7625-2-345x198.jpg' class=\"attachment-portfolio-default size-portfolio-default wp-post-image\">\r\n\t\t\t\t\t<span class=\"post_overlay\">\r\n\t\t\t\t\t\t<i class=\"icon_plus\" aria-hidden=\"true\"><\/i>\r\n\t\t\t\t\t<\/span>\r\n\t\t\t\t<\/a>\r\n\t\t\t<\/div>\r\n\t\t\t<div class=\"post_text\">\r\n\t\t\t\t<div class=\"post_text_inner\">\r\n\t\t\t\t\t<h4><a href=\"https:\/\/vernazzautogru.com\/de\/iter-worksite-transportation-lifting-and-skidding-operations-dryer-installation\/\">Iter Worksite: transportation, lifting and skidding operations \u2013 Dryer installation<\/a><\/h4>\r\n\t\t\t\t\t<p class=\"text-align-right\"><a href=\"https:\/\/vernazzautogru.com\/de\/iter-worksite-transportation-lifting-and-skidding-operations-dryer-installation\/\" style=\"color:#eeac00;\">Lesen Sie alles <i class=\"fa fa-arrow-right\" aria-hidden=\"true\"><\/i><\/a><\/p>\r\n\t\t\t\t<\/div>\r\n\t\t\t<\/div>\r\n\t\t<\/article>\r\n\t\r\n<\/div>\n\t<\/div><!--#w4pl-inner-3154-->\n<\/div><!--#w4pl-3154-->\n<!--END_W4PL_List_3154-->\n[\/vc_column_text][\/vc_column][\/vc_row]<\/p>\n<\/div>","protected":false},"excerpt":{"rendered":"<p>[vc_row row_type=&#8221;row&#8221; use_row_as_full_screen_section=&#8221;no&#8221; type=&#8221;full_width&#8221; text_align=&#8221;left&#8221; css_animation=&#8221;&#8221; css=&#8221;.vc_custom_1506948450942{margin-top: -75px !important;}&#8221;][vc_column][\/vc_column][\/vc_row][vc_row row_type=&#8221;row&#8221; use_row_as_full_screen_section=&#8221;no&#8221; type=&#8221;full_width&#8221; text_align=&#8221;center&#8221; background_color=&#8221;#ffffff&#8221; css_animation=&#8221;&#8221; el_class=&#8221;vc_hidden-xs vc_hidden-sm&#8221;][vc_column][vc_row_inner row_type=&#8221;row&#8221; type=&#8221;full_width&#8221; use_row_as_full_screen_section_slide=&#8221;no&#8221; text_align=&#8221;center&#8221; css_animation=&#8221;&#8221; el_id=&#8221;container-box-servizi&#8221;][vc_column_inner el_class=&#8221;box-servizi-home&#8221; width=&#8221;1\/4&#8243;][vc_empty_space&#8230;<\/p>\n","protected":false},"author":2,"featured_media":0,"parent":0,"menu_order":10,"comment_status":"closed","ping_status":"closed","template":"full_width.php","meta":{"footnotes":""},"acf":[],"_links":{"self":[{"href":"https:\/\/vernazzautogru.com\/de\/wp-json\/wp\/v2\/pages\/3639"}],"collection":[{"href":"https:\/\/vernazzautogru.com\/de\/wp-json\/wp\/v2\/pages"}],"about":[{"href":"https:\/\/vernazzautogru.com\/de\/wp-json\/wp\/v2\/types\/page"}],"author":[{"embeddable":true,"href":"https:\/\/vernazzautogru.com\/de\/wp-json\/wp\/v2\/users\/2"}],"replies":[{"embeddable":true,"href":"https:\/\/vernazzautogru.com\/de\/wp-json\/wp\/v2\/comments?post=3639"}],"version-history":[{"count":11,"href":"https:\/\/vernazzautogru.com\/de\/wp-json\/wp\/v2\/pages\/3639\/revisions"}],"predecessor-version":[{"id":3989,"href":"https:\/\/vernazzautogru.com\/de\/wp-json\/wp\/v2\/pages\/3639\/revisions\/3989"}],"wp:attachment":[{"href":"https:\/\/vernazzautogru.com\/de\/wp-json\/wp\/v2\/media?parent=3639"}],"curies":[{"name":"wp","href":"https:\/\/api.w.org\/{rel}","templated":true}]}}