{"id":3471,"date":"2017-09-29T14:51:08","date_gmt":"2017-09-29T12:51:08","guid":{"rendered":"http:\/\/vernazzautogru.com\/notas-legales\/"},"modified":"2017-12-04T11:21:41","modified_gmt":"2017-12-04T10:21:41","slug":"notas-legales","status":"publish","type":"page","link":"https:\/\/vernazzautogru.com\/es\/notas-legales\/","title":{"rendered":"Notas legales"},"content":{"rendered":"<div class=\"wpb-content-wrapper\">\n<!-- SEO Ultimate (http:\/\/www.seodesignsolutions.com\/wordpress-seo\/) - Code Inserter module -->\n<!-- Google Tag Manager (noscript) -->\r\n<noscript><iframe src=\"https:\/\/www.googletagmanager.com\/ns.html?id=GTM-WJ6GDRL\"\r\nheight=\"0\" width=\"0\" style=\"display:none;visibility:hidden\"><\/iframe><\/noscript>\r\n<!-- End Google Tag Manager (noscript) -->\n<!-- \/SEO Ultimate -->\n\n<p>[vc_row row_type=&#8221;row&#8221; use_row_as_full_screen_section=&#8221;no&#8221; type=&#8221;full_width&#8221; text_align=&#8221;left&#8221; css_animation=&#8221;&#8221;][vc_column][vc_text_separator title=&#8221;<small>VERNAZZA<\/small>NOTAS LEGALES&#8221; border_color=&#8221;#f5f5f5&#8243; background_color=&#8221;#f5f5f5&#8243; title_color=&#8221;#000000&#8243; el_class=&#8221;no-bg&#8221;][vc_empty_space height=&#8221;45px&#8221;][vc_column_text]<strong>Domicilio social:<\/strong> Genova, 16152 \u2013 Via R. Bianchi, 90<br \/>\n<strong>REA:<\/strong> GE N\u00b0 334075<br \/>\n<strong>Capital Social:<\/strong> \u20ac 1.000.000,00 totalmente desembolsados<\/p>\n<p><strong>Aceptaci\u00f3n de las condiciones de uso de la web<\/strong><\/p>\n<p>El acceso a esta web implica la aceptaci\u00f3n por parte del usuario, sin excepciones ni reservas, de las condiciones indicadas a continuaci\u00f3n:<br \/>\n&#8211; No podr\u00e1 reproducirse, traducirse o convertirse en ning\u00fan formato electr\u00f3nico o en papel, sin la previa autorizaci\u00f3n por escrito de la empresa Vernazza Autogru S.r.l<br \/>\n&#8211; Vernazza Autogru S.r.l no asume ninguna responsabilidad con relaci\u00f3n a los da\u00f1os causados, directa o indirectamente, por el uso de la informaci\u00f3n y el posible software contenido en la web y por el uso que puedan hacer terceros de ellos;<br \/>\n&#8211; esta web puede contener enlaces a otras webs.<br \/>\nVernazza Autogru S.r.l no se responsabiliza del contenido ni de la pol\u00edtica de privacidad y seguridad adoptada por estas webs.<\/p>\n<p><strong>Limitaci\u00f3n de responsabilidad<\/strong><\/p>\n<p>Vernazza Autogru S.r.l se compromete a que el contenido de esta web est\u00e9 lo m\u00e1s actualizado y sea lo m\u00e1s preciso posible; no obstante, declina cualquier responsabilidad directa e indirecta, ante los usuarios y en general ante cualquier tercero, por los da\u00f1os, tanto directos como incidentales, consecutivos o indirectos, as\u00ed como por las p\u00e9rdidas o por los da\u00f1os de datos, p\u00e9rdidas de beneficios, fondo de comercio, negocios u oportunidades, por las posibles imprecisiones, errores, omisiones en los contenidos y en los datos publicados en la web, o con relaci\u00f3n a su uso, o bien por la imposibilidad de uso de la web o de los contenidos publicados en la misma as\u00ed como por el acceso a las webs de terceros que se encuentran disponibles a trav\u00e9s de enlaces hipertextuales, o por el correspondiente uso, o bien por la imposibilidad de su uso o de los contenidos publicados en ellas.<br \/>\nVernazza Autogru S.r.l se compromete a eliminar con la m\u00e1xima rapidez posible, una vez se\u00f1alados, los contenidos considerados perjudiciales en opini\u00f3n inapelable o declarados como tales por orden de la Autoridad Judicial.<br \/>\nEsta secci\u00f3n de la web podr\u00e1 modificarse en cualquier momento. Es responsabilidad de los usuarios el consultarla frecuentemente. El uso de la web constituye una conducta concluyente con valor de plena e incondicional aceptaci\u00f3n de las cl\u00e1usulas antes se\u00f1aladas.<\/p>\n<p><strong>Uso de la web<\/strong><\/p>\n<p>En ning\u00fan caso, Vernazza Autogru S.r.l podr\u00e1 considerarse responsable de los da\u00f1os de cualquier tipo causados directa o indirectamente por el acceso a la web, por la incapacidad o imposibilidad de acceder a ella, por la credibilidad y el uso por parte de los usuarios de las noticias en ella contenidas. Vernazza Autogru S.r.l incluir\u00e1 en la web informaci\u00f3n actualizada, pero no garantiza su integridad o precisi\u00f3n.<br \/>\nVernazza Autogru S.r.l se reserva el derecho de modificar los contenidos de la web y de las notas legales en cualquier momento y sin necesidad de previo aviso.<\/p>\n<p><strong>Acceso a webs externas conectadas<\/strong><\/p>\n<p>Vernazza Autogru S.r.l no asume ninguna responsabilidad en lo que se refiere a las webs a las que puede accederse a trav\u00e9s de los enlaces que se encuentran en su web, y que son facilitados como mero servicio para los usuarios de la red.<br \/>\nEl hecho de que Vernazza Autogru S.r.l ofrezca estos enlaces, no implica la aprobaci\u00f3n de estas webs, sobre cuya calidad, contenidos y grafismo, Vernazza Autogru S.r.l declina cualquier tipo de responsabilidad. Por consiguiente, Vernazza Autogru S.r.l no se responsabiliza de la informaci\u00f3n obtenida por el usuario a trav\u00e9s del acceso a las webs conectadas con Vernazza Autogru S.r.l. Por tanto, respecto a la exactitud de la informaci\u00f3n de estas webs deber\u00e1n considerarse exclusivamente responsables a los sujetos titulares de las webs a las que se accede seg\u00fan las condiciones previstas por estos.<\/p>\n<p><strong>Copyright<\/strong><\/p>\n<p>Las p\u00e1ginas de esta web con sus correspondientes contenidos publicados, textos, gr\u00e1ficos, archivos, im\u00e1genes y otras informaciones, est\u00e1n protegidas por la normativa vigente relativa a las disposiciones sobre los derechos de autor (Ley n\u00ba 633\/41) y sobre los derechos de propiedad industrial. Los contenidos de la web est\u00e1n destinados a un uso exclusivamente personal y no comercial; por tanto, no podr\u00e1 copiarse, reproducirse, publicarse, descargarse, enviarse, retransmitirse o bien distribuirse de otro modo ning\u00fan contenido, salvo en caso de registro en el terminal para uso propio personal y con fines no comerciales; incluso en el caso permitido de utilizaci\u00f3n para uso personal, deber\u00e1n mantenerse \u00edntegras las correspondientes indicaciones y\/o menciones de propiedad del contenido utilizado. Todos los productos o sociedades mencionados en esta web son marcas de los respectivos propietarios o titulares y pueden estar protegidos por patentes y\/o copyright concedidos o registrados por las autoridades competentes. Por consiguiente, pueden descargarse o utilizarse solo para uso personal y no comercial: por tanto, no podr\u00e1n copiarse, modificarse o revender con fines de lucro o para sacar un beneficio, nada, ni siquiera parcialmente. Queda prohibido el uso, la publicaci\u00f3n, la distribuci\u00f3n, la inclusi\u00f3n de los contenidos publicados en la web en otros sitios de Internet sin la correspondiente autorizaci\u00f3n de los titulares de los derechos sobre los contenidos. La web puede contener enlaces hipertextuales a otras webs en las que Vernazza Autogru S.r.l no ejerce ning\u00fan control sobre los contenidos de estas webs y, por consiguiente, no asume ninguna responsabilidad con relaci\u00f3n a la veracidad, previsibilidad, exactitud, integridad y actualizaci\u00f3n.<\/p>\n<p><strong>Privacidad<\/strong><\/p>\n<p>Los datos y la informaci\u00f3n personal que se recopile en el momento del registro est\u00e1n sujetos a las Normas de Privacidad.[\/vc_column_text][vc_empty_space height=&#8221;75px&#8221;][\/vc_column][\/vc_row]<\/p>\n<\/div>","protected":false},"excerpt":{"rendered":"<p>[vc_row row_type=&#8221;row&#8221; use_row_as_full_screen_section=&#8221;no&#8221; type=&#8221;full_width&#8221; text_align=&#8221;left&#8221; css_animation=&#8221;&#8221;][vc_column][vc_text_separator title=&#8221;VERNAZZANOTAS LEGALES&#8221; border_color=&#8221;#f5f5f5&#8243; background_color=&#8221;#f5f5f5&#8243; title_color=&#8221;#000000&#8243; el_class=&#8221;no-bg&#8221;][vc_empty_space height=&#8221;45px&#8221;][vc_column_text]Domicilio social: Genova, 16152 \u2013 Via R. Bianchi, 90 REA: GE N\u00b0 334075&#8230;<\/p>\n","protected":false},"author":2,"featured_media":0,"parent":0,"menu_order":100,"comment_status":"closed","ping_status":"closed","template":"","meta":{"footnotes":""},"acf":[],"_links":{"self":[{"href":"https:\/\/vernazzautogru.com\/es\/wp-json\/wp\/v2\/pages\/3471"}],"collection":[{"href":"https:\/\/vernazzautogru.com\/es\/wp-json\/wp\/v2\/pages"}],"about":[{"href":"https:\/\/vernazzautogru.com\/es\/wp-json\/wp\/v2\/types\/page"}],"author":[{"embeddable":true,"href":"https:\/\/vernazzautogru.com\/es\/wp-json\/wp\/v2\/users\/2"}],"replies":[{"embeddable":true,"href":"https:\/\/vernazzautogru.com\/es\/wp-json\/wp\/v2\/comments?post=3471"}],"version-history":[{"count":3,"href":"https:\/\/vernazzautogru.com\/es\/wp-json\/wp\/v2\/pages\/3471\/revisions"}],"predecessor-version":[{"id":3520,"href":"https:\/\/vernazzautogru.com\/es\/wp-json\/wp\/v2\/pages\/3471\/revisions\/3520"}],"wp:attachment":[{"href":"https:\/\/vernazzautogru.com\/es\/wp-json\/wp\/v2\/media?parent=3471"}],"curies":[{"name":"wp","href":"https:\/\/api.w.org\/{rel}","templated":true}]}}