{"id":3500,"date":"2017-09-29T14:52:13","date_gmt":"2017-09-29T12:52:13","guid":{"rendered":"http:\/\/vernazzautogru.com\/satisfaccion-del-cliente\/"},"modified":"2019-07-25T12:18:34","modified_gmt":"2019-07-25T10:18:34","slug":"satisfaccion-del-cliente","status":"publish","type":"page","link":"https:\/\/vernazzautogru.com\/es\/satisfaccion-del-cliente\/","title":{"rendered":"Satisfacci\u00f3n del cliente"},"content":{"rendered":"<div class=\"wpb-content-wrapper\">\n<!-- SEO Ultimate (http:\/\/www.seodesignsolutions.com\/wordpress-seo\/) - Code Inserter module -->\n<!-- Google Tag Manager (noscript) -->\r\n<noscript><iframe src=\"https:\/\/www.googletagmanager.com\/ns.html?id=GTM-WJ6GDRL\"\r\nheight=\"0\" width=\"0\" style=\"display:none;visibility:hidden\"><\/iframe><\/noscript>\r\n<!-- End Google Tag Manager (noscript) -->\n<!-- \/SEO Ultimate -->\n\n<p>[vc_row row_type=&#8221;row&#8221; use_row_as_full_screen_section=&#8221;no&#8221; type=&#8221;full_width&#8221; text_align=&#8221;left&#8221; css_animation=&#8221;&#8221;][vc_column][vc_text_separator title=&#8221;<small>EMPRESA<\/small>AY\u00daDENOS A MEJORAR&#8221; border_color=&#8221;#f5f5f5&#8243; background_color=&#8221;#f5f5f5&#8243; title_color=&#8221;#000000&#8243; el_class=&#8221;no-bg&#8221;][vc_empty_space height=&#8221;45px&#8221;][vc_column_text el_class=&#8221;text-align-justify&#8221;]Vernazza Autogru S.r.l. tiene como objetivos principales la <strong>constante mejora de los servicios<\/strong> que ofrece, comprobando continuamente las necesidades efectivas de los clientes y asegurando su capacidad para satisfacerlas. Por ello son esenciales las opiniones de nuestra clientela: gracias a las informaciones recogidas, podremos responder cada vez mejor a sus exigencias y expectativas.<\/p>\n<p>Con este enfoque les rogamos que dediquen unos minutos a cumplimentar este cuestionario de <strong>\u201cSatisfacci\u00f3n del Cliente\u201d<\/strong> que podr\u00e1n descargar por medio del enlace que se encuentra al final de esta p\u00e1gina. Una vez rellenado, les pedimos que nos lo remitan al n\u00famero de fax 010.41.01.201 o por correo electr\u00f3nico a la direcci\u00f3n <a href=\"mailto:sicurezza-qualita@vernazzautogru.com\">sicurezza-qualita@vernazzautogru.com<\/a>. Les agradeceremos tambi\u00e9n cualquier sugerencia que pueda resultar \u00fatil para mejorar nuestros servicios.<\/p>\n<p>Tengan la amabilidad de indicarnos el grado de importancia y de satisfacci\u00f3n respecto a los servicios propuestos, utilizando la escala de 0 a 5, donde 0 es \u201cpoco satisfecho\u201d y 5 es \u201cmuy satisfecho\u201d.<\/p>\n<p><strong>Agradeci\u00e9ndoles su apreciada colaboraci\u00f3n,<\/strong> les recordamos que sus respuestas ser\u00e1n tratadas de modo confidencial de acuerdo con la ley GDPR 679\/2016 y con el \u00fanico fin de mejorar el nivel de calidad del servicio ofrecido a nuestros Clientes.[\/vc_column_text][vc_empty_space height=&#8221;55px&#8221;][vc_row_inner row_type=&#8221;row&#8221; type=&#8221;full_width&#8221; use_row_as_full_screen_section_slide=&#8221;no&#8221; text_align=&#8221;center&#8221; css_animation=&#8221;&#8221;][vc_column_inner]<a href=\"http:\/\/vernazzautogru.com\/wp-content\/uploads\/2017\/10\/soddisfazione_cliente_ITA.pdf\" target=\"_blank\"  class=\"qbutton  qbutton_with_icon\" style=\"\">Descargue el formulario<i class=\"button_icon  custom_icon_size fa fa-file-pdf-o\" style=\"font-size: 20px;\"><\/i><\/a>[\/vc_column_inner][\/vc_row_inner][vc_empty_space height=&#8221;75px&#8221;][\/vc_column][\/vc_row]<\/p>\n<\/div>","protected":false},"excerpt":{"rendered":"<p>[vc_row row_type=&#8221;row&#8221; use_row_as_full_screen_section=&#8221;no&#8221; type=&#8221;full_width&#8221; text_align=&#8221;left&#8221; css_animation=&#8221;&#8221;][vc_column][vc_text_separator title=&#8221;EMPRESAAY\u00daDENOS A MEJORAR&#8221; border_color=&#8221;#f5f5f5&#8243; background_color=&#8221;#f5f5f5&#8243; title_color=&#8221;#000000&#8243; el_class=&#8221;no-bg&#8221;][vc_empty_space height=&#8221;45px&#8221;][vc_column_text el_class=&#8221;text-align-justify&#8221;]Vernazza Autogru S.r.l. tiene como objetivos principales la constante mejora de&#8230;<\/p>\n","protected":false},"author":2,"featured_media":0,"parent":0,"menu_order":24,"comment_status":"closed","ping_status":"closed","template":"","meta":{"footnotes":""},"acf":[],"_links":{"self":[{"href":"https:\/\/vernazzautogru.com\/es\/wp-json\/wp\/v2\/pages\/3500"}],"collection":[{"href":"https:\/\/vernazzautogru.com\/es\/wp-json\/wp\/v2\/pages"}],"about":[{"href":"https:\/\/vernazzautogru.com\/es\/wp-json\/wp\/v2\/types\/page"}],"author":[{"embeddable":true,"href":"https:\/\/vernazzautogru.com\/es\/wp-json\/wp\/v2\/users\/2"}],"replies":[{"embeddable":true,"href":"https:\/\/vernazzautogru.com\/es\/wp-json\/wp\/v2\/comments?post=3500"}],"version-history":[{"count":5,"href":"https:\/\/vernazzautogru.com\/es\/wp-json\/wp\/v2\/pages\/3500\/revisions"}],"predecessor-version":[{"id":5965,"href":"https:\/\/vernazzautogru.com\/es\/wp-json\/wp\/v2\/pages\/3500\/revisions\/5965"}],"wp:attachment":[{"href":"https:\/\/vernazzautogru.com\/es\/wp-json\/wp\/v2\/media?parent=3500"}],"curies":[{"name":"wp","href":"https:\/\/api.w.org\/{rel}","templated":true}]}}