{"id":3505,"date":"2017-09-29T15:00:22","date_gmt":"2017-09-29T13:00:22","guid":{"rendered":"http:\/\/vernazzautogru.com\/entrenamiento\/"},"modified":"2018-01-16T15:43:11","modified_gmt":"2018-01-16T14:43:11","slug":"entrenamiento","status":"publish","type":"page","link":"https:\/\/vernazzautogru.com\/es\/entrenamiento\/","title":{"rendered":"Entrenamiento"},"content":{"rendered":"<div class=\"wpb-content-wrapper\">\n<!-- SEO Ultimate (http:\/\/www.seodesignsolutions.com\/wordpress-seo\/) - Code Inserter module -->\n<!-- Google Tag Manager (noscript) -->\r\n<noscript><iframe src=\"https:\/\/www.googletagmanager.com\/ns.html?id=GTM-WJ6GDRL\"\r\nheight=\"0\" width=\"0\" style=\"display:none;visibility:hidden\"><\/iframe><\/noscript>\r\n<!-- End Google Tag Manager (noscript) -->\n<!-- \/SEO Ultimate -->\n\n<p>[vc_row row_type=&#8221;row&#8221; use_row_as_full_screen_section=&#8221;no&#8221; type=&#8221;full_width&#8221; text_align=&#8221;left&#8221; css_animation=&#8221;&#8221;][vc_column][vc_text_separator title=&#8221;<small>EMPRESA<\/small>CURSOS DE ENTRENAMIENTO&#8221; border_color=&#8221;#f5f5f5&#8243; background_color=&#8221;#f5f5f5&#8243; title_color=&#8221;#000000&#8243; el_class=&#8221;no-bg&#8221;][vc_empty_space height=&#8221;45px&#8221;][vc_row_inner row_type=&#8221;row&#8221; type=&#8221;full_width&#8221; use_row_as_full_screen_section_slide=&#8221;no&#8221; text_align=&#8221;left&#8221; css_animation=&#8221;&#8221;][vc_column_inner width=&#8221;1\/2&#8243;][vc_column_text el_class=&#8221;text-align-justify&#8221;]La historia de Vernazza Autogr\u00f9, desde 1946 hasta hoy, se desarrolla no solo al ritmo de la mejor tecnolog\u00eda del sector de la manutenci\u00f3n, sino tambi\u00e9n con un constante y creciente esfuerzo de formaci\u00f3n que la empresa dedica desde siempre a su personal.<\/p>\n<p>Actualmente no existen en Italia escuelas profesionales adecuadas para desarrollar y calificar estos tipos de formaci\u00f3n profesional; por ello, <strong>la empresa dise\u00f1a y traza con su escuela nuevos caminos de formaci\u00f3n<\/strong> capaces de asegurar a sus empleados una preparaci\u00f3n profesional completa y de alto nivel.<\/p>\n<p>Los operadores de una autogr\u00faa, de un cami\u00f3n articulado o de un cami\u00f3n especial necesitan una puesta al d\u00eda continua para el aprendizaje de todas las normas de prevenci\u00f3n, de seguridad, de uso y de mantenimiento de los veh\u00edculos utilizados. La actividad did\u00e1ctica se desarrolla tanto con la ense\u00f1anza en aulas realizada por t\u00e9cnicos e instructores calificados, como con el acceso progresivo a pr\u00e1cticas en los propios veh\u00edculos, desde los m\u00e1s sencillos hasta los m\u00e1s tecnol\u00f3gicos, con el apoyo de <strong>personal ya experto y especializado<\/strong>.[\/vc_column_text][\/vc_column_inner][vc_column_inner width=&#8221;1\/2&#8243;][vc_column_text el_class=&#8221;text-align-justify&#8221;]A continuaci\u00f3n, en funci\u00f3n de las caracter\u00edsticas y las disposiciones individuales, se seleccionan para cada trabajador los puestos y las misiones m\u00e1s adecuados dentro del ciclo de trabajo de Vernazza.<\/p>\n<p>El tipo de intervenciones que la empresa propone a su clientela necesita empleados preparados para <strong>trabajar en equipo<\/strong>, capaces de resolver y gestionar tanto trabajos de rutina diaria como operaciones de elevada complejidad. Para ello, Vernazza ha reforzado recientemente sus instalaciones espec\u00edficas de formaci\u00f3n y entrenamiento de los operadores en la ciudad de Savona.<\/p>\n<p>Gracias a la reciente colaboraci\u00f3n instaurada con la entidad <strong>Escuela de Construcci\u00f3n de la Provincia de Savona<\/strong>, se han organizado una serie de cursos reservados a la formaci\u00f3n de los trabajadores que operan con autogr\u00faas, plataformas de trabajo a\u00e9reas, cami\u00f3n-gr\u00faa tambi\u00e9n con remolque, gr\u00faa de puente, gr\u00faa para la construcci\u00f3n, carretillas elevadoras incluso de tipo telesc\u00f3pico, giratorias y con cubos, as\u00ed como de eslingadores y se\u00f1alizadores.[\/vc_column_text][\/vc_column_inner][\/vc_row_inner][vc_separator type=&#8221;small&#8221; position=&#8221;center&#8221; border_style=&#8221;&#8221;][vc_column_text el_class=&#8221;text-align-justify&#8221;]El punto fuerte de los cursos es la posibilidad concreta para los alumnos, durante el proceso formativo, de operar sobre el terreno, confrontando diariamente su preparaci\u00f3n te\u00f3rica con la pr\u00e1ctica: en el aula, con la posibilidad de utilizar un <strong>simulador virtual<\/strong> que reproduce fielmente las situaciones de maniobra, en el campo con pruebas en los veh\u00edculos, donde poder aplicar las nociones te\u00f3ricas sobre manutenci\u00f3n aprendidas en las clases.<\/p>\n<p>Al final de su recorrido de formaci\u00f3n, el alumno habr\u00e1 podido conocer y adquirir espec\u00edficamente los procedimientos y los principios te\u00f3rico-pr\u00e1cticos de la actividad de la empresa, aprendiendo a evaluar sus riesgos y sus momentos cr\u00edticos. Estar\u00e1 listo para realizar con profesionalidad y seguridad las operaciones de levantamiento, colocaci\u00f3n, preparaci\u00f3n y coordinaci\u00f3n con los diferentes tipos de veh\u00edculos y de equipos.<\/p>\n<p>Gracias a la profunda formaci\u00f3n y a un entrenamiento atento a la seguridad del trabajo, la empresa Vernazza Autogr\u00f9 se presenta hoy en el mercado con ese <strong>valor a\u00f1adido<\/strong> que mejor define su profesionalidad.[\/vc_column_text][vc_empty_space height=&#8221;55px&#8221;][vc_row_inner row_type=&#8221;row&#8221; type=&#8221;full_width&#8221; use_row_as_full_screen_section_slide=&#8221;no&#8221; text_align=&#8221;center&#8221; css_animation=&#8221;&#8221;][vc_column_inner]<a href=\"http:\/\/vernazzautogru.com\/wp-content\/uploads\/2017\/10\/corsi_formazione_ITA.pdf\" target=\"_blank\"  class=\"qbutton  qbutton_with_icon\" style=\"\">Descargue el formulario<i class=\"button_icon  custom_icon_size fa fa-file-pdf-o\" style=\"font-size: 20px;\"><\/i><\/a>[\/vc_column_inner][\/vc_row_inner][vc_empty_space height=&#8221;75px&#8221;][\/vc_column][\/vc_row]<\/p>\n<\/div>","protected":false},"excerpt":{"rendered":"<p>[vc_row row_type=&#8221;row&#8221; use_row_as_full_screen_section=&#8221;no&#8221; type=&#8221;full_width&#8221; text_align=&#8221;left&#8221; css_animation=&#8221;&#8221;][vc_column][vc_text_separator title=&#8221;EMPRESACURSOS DE ENTRENAMIENTO&#8221; border_color=&#8221;#f5f5f5&#8243; background_color=&#8221;#f5f5f5&#8243; title_color=&#8221;#000000&#8243; el_class=&#8221;no-bg&#8221;][vc_empty_space height=&#8221;45px&#8221;][vc_row_inner row_type=&#8221;row&#8221; type=&#8221;full_width&#8221; use_row_as_full_screen_section_slide=&#8221;no&#8221; text_align=&#8221;left&#8221; css_animation=&#8221;&#8221;][vc_column_inner width=&#8221;1\/2&#8243;][vc_column_text el_class=&#8221;text-align-justify&#8221;]La historia de Vernazza Autogr\u00f9,&#8230;<\/p>\n","protected":false},"author":2,"featured_media":0,"parent":0,"menu_order":22,"comment_status":"closed","ping_status":"closed","template":"","meta":{"footnotes":""},"acf":[],"_links":{"self":[{"href":"https:\/\/vernazzautogru.com\/es\/wp-json\/wp\/v2\/pages\/3505"}],"collection":[{"href":"https:\/\/vernazzautogru.com\/es\/wp-json\/wp\/v2\/pages"}],"about":[{"href":"https:\/\/vernazzautogru.com\/es\/wp-json\/wp\/v2\/types\/page"}],"author":[{"embeddable":true,"href":"https:\/\/vernazzautogru.com\/es\/wp-json\/wp\/v2\/users\/2"}],"replies":[{"embeddable":true,"href":"https:\/\/vernazzautogru.com\/es\/wp-json\/wp\/v2\/comments?post=3505"}],"version-history":[{"count":4,"href":"https:\/\/vernazzautogru.com\/es\/wp-json\/wp\/v2\/pages\/3505\/revisions"}],"predecessor-version":[{"id":3996,"href":"https:\/\/vernazzautogru.com\/es\/wp-json\/wp\/v2\/pages\/3505\/revisions\/3996"}],"wp:attachment":[{"href":"https:\/\/vernazzautogru.com\/es\/wp-json\/wp\/v2\/media?parent=3505"}],"curies":[{"name":"wp","href":"https:\/\/api.w.org\/{rel}","templated":true}]}}