{"id":3507,"date":"2017-09-29T14:49:46","date_gmt":"2017-09-29T12:49:46","guid":{"rendered":"http:\/\/vernazzautogru.com\/quienes-somos\/"},"modified":"2021-04-20T16:38:53","modified_gmt":"2021-04-20T14:38:53","slug":"quienes-somos","status":"publish","type":"page","link":"https:\/\/vernazzautogru.com\/es\/quienes-somos\/","title":{"rendered":"Qui\u00e9nes somos"},"content":{"rendered":"<div class=\"wpb-content-wrapper\">\n<!-- SEO Ultimate (http:\/\/www.seodesignsolutions.com\/wordpress-seo\/) - Code Inserter module -->\n<!-- Google Tag Manager (noscript) -->\r\n<noscript><iframe src=\"https:\/\/www.googletagmanager.com\/ns.html?id=GTM-WJ6GDRL\"\r\nheight=\"0\" width=\"0\" style=\"display:none;visibility:hidden\"><\/iframe><\/noscript>\r\n<!-- End Google Tag Manager (noscript) -->\n<!-- \/SEO Ultimate -->\n\n<p>[vc_row row_type=&#8221;row&#8221; use_row_as_full_screen_section=&#8221;no&#8221; type=&#8221;grid&#8221; text_align=&#8221;left&#8221; css_animation=&#8221;&#8221;][vc_column][vc_text_separator title=&#8221;<small>EMPRESA<\/small>MANEJO INDUSTRIAL&#8221; border_color=&#8221;#f5f5f5&#8243; background_color=&#8221;#f5f5f5&#8243; title_color=&#8221;#000000&#8243; el_class=&#8221;no-bg&#8221;][vc_empty_space height=&#8221;45px&#8221;][vc_row_inner row_type=&#8221;row&#8221; type=&#8221;full_width&#8221; use_row_as_full_screen_section_slide=&#8221;no&#8221; text_align=&#8221;left&#8221; css_animation=&#8221;&#8221;][vc_column_inner width=&#8221;9\/12&#8243;][vc_column_text el_class=&#8221;text-align-justify&#8221;]La sociedad presente en el mercado desde 1946 y certificada\u00a0<strong>ISO 9001<\/strong><strong>,\u00a0<\/strong><strong>ISO 14001<\/strong><strong>\u00a0<\/strong>y\u00a0<strong>BS OHSAS 45001<\/strong>, desempe\u00f1a hoy un papel primordial, tanto en \u00e1mbito nacional como internacional, en el sector del levantamiento, de los trabajos en elevaci\u00f3n con plataformas y de los transportes excepcionales.<\/p>\n<p>Vernazza Autogr\u00f9 S.r.l. cuenta con un parque de veh\u00edculos de unas doscientas unidades que incluye por autogr\u00faas telesc\u00f3picas, sobre orugas y enrejadas, plataformas a\u00e9reas, automotoras, camiones, tractores, remolques, semirremolques incluso excepcionales y otros veh\u00edculos especiales.<\/p>\n<p>La empresa dispone de la tecnolog\u00eda m\u00e1s avanzada que le permite ofrecer a su clientela, adem\u00e1s de su amplio parque de veh\u00edculos, un servicio completo que se extiende desde el estudio y el proyecto hasta la ejecuci\u00f3n de los trabajos. Responde as\u00ed las exigencias m\u00e1s diversas, fuerte de una experiencia consolidada y de la elevada especializaci\u00f3n t\u00e9cnica de los recursos humanos formados en la propia empresa.[\/vc_column_text][\/vc_column_inner][vc_column_inner width=&#8221;3\/12&#8243;][vc_empty_space height=&#8221;15px&#8221;][vc_single_image image=&#8221;10415&#8243; img_size=&#8221;full&#8221; alignment=&#8221;center&#8221; qode_css_animation=&#8221;&#8221;][vc_empty_space height=&#8221;15px&#8221;][\/vc_column_inner][\/vc_row_inner][vc_empty_space height=&#8221;75px&#8221;][\/vc_column][\/vc_row][vc_row row_type=&#8221;row&#8221; use_row_as_full_screen_section=&#8221;no&#8221; type=&#8221;grid&#8221; text_align=&#8221;left&#8221; background_color=&#8221;#ffffff&#8221; css_animation=&#8221;&#8221;][vc_column][vc_empty_space height=&#8221;45px&#8221;][vc_text_separator title=&#8221;<small>EMPRESA<\/small>ESTUDIO Y DISE\u00d1O&#8221; title_color=&#8221;#000000&#8243; el_class=&#8221;no-bg&#8221; border_color=&#8221;#ffffff&#8221; background_color=&#8221;#ffffff&#8221;][vc_empty_space height=&#8221;45px&#8221;][vc_row_inner row_type=&#8221;row&#8221; type=&#8221;full_width&#8221; use_row_as_full_screen_section_slide=&#8221;no&#8221; text_align=&#8221;left&#8221; css_animation=&#8221;&#8221;][vc_column_inner width=&#8221;1\/2&#8243;][vc_column_text el_class=&#8221;text-align-justify&#8221;]Viendo c\u00f3mo se desarrollaba su actividad predominante en los sectores de la elevaci\u00f3n y los transportes, Vernazza Autogru Srl decidi\u00f3 extender sus servicios a todas las actividades relacionadas, creando para ello un equipo t\u00e9cnico particularmente experto dedicado a las fases de estudio y proyecto de los servicios dirigidos a la clientela.<\/p>\n<p>Desde la fase inicial de la oferta, la empresa puede proponer al cliente una planificaci\u00f3n del desarrollo del proyecto, tambi\u00e9n con dibujo CAD, que abarca desde el momento inicial del estudio hasta cumplida la realizaci\u00f3n de las diversas fases de trabajo.<\/p>\n<p>Los planes de crecimiento de la empresa realizados en los \u00faltimos a\u00f1os persiguen el objetivo[\/vc_column_text][\/vc_column_inner][vc_column_inner width=&#8221;1\/2&#8243;][vc_column_text el_class=&#8221;text-align-justify&#8221;]primordial de especializar y ampliar el sector del levantamiento, en el que Vernazza trabaja desde hace varios decenios. La empresa se encuentra comprometida tambi\u00e9n en un proceso de renovaci\u00f3n tecnol\u00f3gica progresiva del parque de veh\u00edculos en sus diferentes divisiones para as\u00ed aportar a la clientela una respuesta eficaz y completa incluso a las exigencias m\u00e1s especiales y complejas, incluso en los proyectos CAD y 3D.<\/p>\n<p>Gracias a estos esfuerzos, la empresa puede llevar a cabo un servicio de asesoramiento t\u00e9cnico altamente cualificado, capaz de apoyar y satisfacer al cliente en los diversos momentos cr\u00edticos y problem\u00e1ticos, dando la posibilidad de construir y de modelar seg\u00fan las necesidades requeridas, todas las fases relacionadas con el levantamiento y el transporte, verificando paso a paso sus diferentes evoluciones.[\/vc_column_text][\/vc_column_inner][\/vc_row_inner][vc_empty_space height=&#8221;75px&#8221;][\/vc_column][\/vc_row][vc_row row_type=&#8221;row&#8221; use_row_as_full_screen_section=&#8221;no&#8221; type=&#8221;full_width&#8221; text_align=&#8221;left&#8221; css_animation=&#8221;&#8221;][vc_column]<div class='qode_image_gallery_no_space dark'><div class='qode_image_gallery_holder' style='height: 400px;'><ul><li><div style=\"height: 400px; width:582px;\"><a class=\"prettyphoto\" rel=\"prettyPhoto[rel-1966419061]\" href=\"https:\/\/vernazzautogru.com\/wp-content\/uploads\/2017\/09\/gallery-01.jpg\"><img decoding=\"async\" src=\"https:\/\/vernazzautogru.com\/wp-content\/uploads\/2017\/09\/gallery-01.jpg\" alt=\"\" \/><\/a><\/div><\/li><li><div style=\"height: 400px; width:306px;\"><a class=\"prettyphoto\" rel=\"prettyPhoto[rel-1966419061]\" href=\"https:\/\/vernazzautogru.com\/wp-content\/uploads\/2017\/09\/gallery-03.jpg\"><img decoding=\"async\" src=\"https:\/\/vernazzautogru.com\/wp-content\/uploads\/2017\/09\/gallery-03.jpg\" alt=\"\" \/><\/a><\/div><\/li><li><div style=\"height: 400px; width:564px;\"><a class=\"prettyphoto\" rel=\"prettyPhoto[rel-1966419061]\" href=\"https:\/\/vernazzautogru.com\/wp-content\/uploads\/2017\/09\/gallery-02.jpg\"><img decoding=\"async\" src=\"https:\/\/vernazzautogru.com\/wp-content\/uploads\/2017\/09\/gallery-02.jpg\" alt=\"\" \/><\/a><\/div><\/li><li><div style=\"height: 400px; width:534px;\"><a class=\"prettyphoto\" rel=\"prettyPhoto[rel-1966419061]\" href=\"https:\/\/vernazzautogru.com\/wp-content\/uploads\/2017\/09\/gallery-04.jpg\"><img decoding=\"async\" src=\"https:\/\/vernazzautogru.com\/wp-content\/uploads\/2017\/09\/gallery-04.jpg\" alt=\"\" \/><\/a><\/div><\/li><li><div style=\"height: 400px; width:712px;\"><a class=\"prettyphoto\" rel=\"prettyPhoto[rel-1966419061]\" href=\"https:\/\/vernazzautogru.com\/wp-content\/uploads\/2017\/09\/gallery-05.jpg\"><img decoding=\"async\" src=\"https:\/\/vernazzautogru.com\/wp-content\/uploads\/2017\/09\/gallery-05.jpg\" alt=\"\" \/><\/a><\/div><\/li><li><div style=\"height: 400px; width:534px;\"><a class=\"prettyphoto\" rel=\"prettyPhoto[rel-1966419061]\" href=\"https:\/\/vernazzautogru.com\/wp-content\/uploads\/2017\/09\/gallery-06.jpg\"><img decoding=\"async\" src=\"https:\/\/vernazzautogru.com\/wp-content\/uploads\/2017\/09\/gallery-06.jpg\" alt=\"\" \/><\/a><\/div><\/li><\/ul><\/div><div class=\"controls\"><a class=\"prev-slide\" href=\"#\"><span class=\"arrow_carrot-left\"><\/span><\/a><a class=\"next-slide\" href=\"#\"><span class=\"arrow_carrot-right\"><\/span><\/a><\/div><\/div>[\/vc_column][\/vc_row][vc_row row_type=&#8221;row&#8221; use_row_as_full_screen_section=&#8221;no&#8221; type=&#8221;grid&#8221; text_align=&#8221;left&#8221; background_color=&#8221;#ffffff&#8221; css_animation=&#8221;&#8221;][vc_column][vc_empty_space height=&#8221;75px&#8221;][vc_text_separator title=&#8221;<small>EMPRESA<\/small>TRANSPORTE EXCEPCIONAL&#8221; title_color=&#8221;#000000&#8243; el_class=&#8221;no-bg&#8221; border_color=&#8221;#ffffff&#8221; background_color=&#8221;#ffffff&#8221;][vc_empty_space height=&#8221;45px&#8221;][vc_column_text el_class=&#8221;text-align-justify&#8221;]Adem\u00e1s del sector del levantamiento, Vernazza Autogr\u00f9 cuenta no solo con un amplio parque de veh\u00edculos formado decenas de tractores, remolques y semirremolques est\u00e1ndar, sino tambi\u00e9n con transportes excepcionales de hasta tres y cuatro ejes, remolques y semirremolques con varios ejes de direcci\u00f3n, radiomando y extensibles. Forman parte de la flota excepcional numerosos camiones con gr\u00faa, de diferentes dimensiones y capacidades de levantamiento, y tractores con plataformas y cabrestante. Esta gran variedad de veh\u00edculos permite a la empresa realizar tanto transportes por carretera en condiciones ordinarias como manutenciones a pie de obra.<\/p>\n<p>La empresa ofrece adem\u00e1s un servicio de asistencia t\u00e9cnica, con personal acreditado tanto en \u00e1mbito nacional como internacional.<\/p>\n<p>Los \u00e1mbitos de especializaci\u00f3n que rese\u00f1amos a continuaci\u00f3n tienen un valor de simple ejemplo no exhaustivo: desplazamiento y transporte de m\u00e1quinas operadoras, turbinas, veh\u00edculos pesados, embarcaciones, productos manufacturados especiales, instalaciones, prefabricados, carpinter\u00eda pesada, silos y dep\u00f3sitos.[\/vc_column_text][vc_empty_space height=&#8221;75px&#8221;][\/vc_column][\/vc_row]<\/p>\n<\/div>","protected":false},"excerpt":{"rendered":"<p>[vc_row row_type=&#8221;row&#8221; use_row_as_full_screen_section=&#8221;no&#8221; type=&#8221;grid&#8221; text_align=&#8221;left&#8221; css_animation=&#8221;&#8221;][vc_column][vc_text_separator title=&#8221;EMPRESAMANEJO INDUSTRIAL&#8221; border_color=&#8221;#f5f5f5&#8243; background_color=&#8221;#f5f5f5&#8243; title_color=&#8221;#000000&#8243; el_class=&#8221;no-bg&#8221;][vc_empty_space height=&#8221;45px&#8221;][vc_row_inner row_type=&#8221;row&#8221; type=&#8221;full_width&#8221; use_row_as_full_screen_section_slide=&#8221;no&#8221; text_align=&#8221;left&#8221; css_animation=&#8221;&#8221;][vc_column_inner width=&#8221;9\/12&#8243;][vc_column_text el_class=&#8221;text-align-justify&#8221;]La sociedad presente en el mercado&#8230;<\/p>\n","protected":false},"author":2,"featured_media":0,"parent":0,"menu_order":20,"comment_status":"closed","ping_status":"closed","template":"full_width.php","meta":{"footnotes":""},"acf":[],"_links":{"self":[{"href":"https:\/\/vernazzautogru.com\/es\/wp-json\/wp\/v2\/pages\/3507"}],"collection":[{"href":"https:\/\/vernazzautogru.com\/es\/wp-json\/wp\/v2\/pages"}],"about":[{"href":"https:\/\/vernazzautogru.com\/es\/wp-json\/wp\/v2\/types\/page"}],"author":[{"embeddable":true,"href":"https:\/\/vernazzautogru.com\/es\/wp-json\/wp\/v2\/users\/2"}],"replies":[{"embeddable":true,"href":"https:\/\/vernazzautogru.com\/es\/wp-json\/wp\/v2\/comments?post=3507"}],"version-history":[{"count":8,"href":"https:\/\/vernazzautogru.com\/es\/wp-json\/wp\/v2\/pages\/3507\/revisions"}],"predecessor-version":[{"id":10421,"href":"https:\/\/vernazzautogru.com\/es\/wp-json\/wp\/v2\/pages\/3507\/revisions\/10421"}],"wp:attachment":[{"href":"https:\/\/vernazzautogru.com\/es\/wp-json\/wp\/v2\/media?parent=3507"}],"curies":[{"name":"wp","href":"https:\/\/api.w.org\/{rel}","templated":true}]}}