{"id":3185,"date":"2017-09-29T14:51:08","date_gmt":"2017-09-29T12:51:08","guid":{"rendered":"http:\/\/vernazzautogru.com\/mentions-legales\/"},"modified":"2017-12-01T13:45:24","modified_gmt":"2017-12-01T12:45:24","slug":"mentions-legales","status":"publish","type":"page","link":"https:\/\/vernazzautogru.com\/fr\/mentions-legales\/","title":{"rendered":"Mentions l\u00e9gales"},"content":{"rendered":"<div class=\"wpb-content-wrapper\">\n<!-- SEO Ultimate (http:\/\/www.seodesignsolutions.com\/wordpress-seo\/) - Code Inserter module -->\n<!-- Google Tag Manager (noscript) -->\r\n<noscript><iframe src=\"https:\/\/www.googletagmanager.com\/ns.html?id=GTM-WJ6GDRL\"\r\nheight=\"0\" width=\"0\" style=\"display:none;visibility:hidden\"><\/iframe><\/noscript>\r\n<!-- End Google Tag Manager (noscript) -->\n<!-- \/SEO Ultimate -->\n\n<p>[vc_row row_type=&#8221;row&#8221; use_row_as_full_screen_section=&#8221;no&#8221; type=&#8221;full_width&#8221; text_align=&#8221;left&#8221; css_animation=&#8221;&#8221;][vc_column][vc_text_separator title=&#8221;<small>VERNAZZA<\/small>MENTIONS L\u00c9GALES&#8221; border_color=&#8221;#f5f5f5&#8243; background_color=&#8221;#f5f5f5&#8243; title_color=&#8221;#000000&#8243; el_class=&#8221;no-bg&#8221;][vc_empty_space height=&#8221;45px&#8221;][vc_column_text]<strong>Filiale:<\/strong> Genova, 16152 \u2013 Via R. Bianchi, 90<br \/>\n<strong>REA:<\/strong> GE N\u00b0 334075<br \/>\n<strong>Capital social:<\/strong> \u20ac 1.000.000,00<\/p>\n<p><strong>Limitation de la responsabilit\u00e9<\/strong><\/p>\n<p>Le Vernazza Autogru S.r.l s&#8217;engage \u00e0 ce que le contenu de ce site soit aussi pr\u00e9cis et \u00e0 jour que possible, mais d\u00e9cline toute responsabilit\u00e9 directe ou indirecte, avec les utilisateurs, et en g\u00e9n\u00e9ral, avec tout tiers pour tout dommage, directs ou indirects, ainsi qu&#8217;en cas de perte ou corruption de donn\u00e9es, de perte de profits, de mise en route, opportunit\u00e9s d&#8217;affaires, \u00e9ventuelles inexactitudes, erreurs ou omissions dans le contenu des informations publi\u00e9es sur le site, ou par rapport \u00e0 son utilisation c&#8217;est-\u00e0-dire \u00e0 l&#8217;impossibilit\u00e9 d&#8217;utiliser le Site ou les contenus publi\u00e9s, et l&#8217;acc\u00e8s aux sites Web de tiers personnes accessibles via des hyperliens, ou de son utilisation et \u00e0 l&#8217;impossibilit\u00e9 d&#8217;utiliser le m\u00eame ou le contenu qui y est publi\u00e9. Vernazza Autogru S.r.l s&#8217;engage \u00e0 supprimer dans les meilleurs d\u00e9lais autoris\u00e9s, suite \u00e0 l&#8217;annonce, le contenu jug\u00e9 offensant ou, \u00e0 sa seule discr\u00e9tion, toutefois, d\u00e9clar\u00e9 comme tel par arr\u00eat\u00e9 de l&#8217;autorit\u00e9 judiciaire. Cette section du site pourra \u00eatre chang\u00e9e \u00e0 tout moment. Il est de la responsabilit\u00e9 des utilisateurs d&#8217;en prendre constante vision. L&#8217;utilisation de ce site constitue une conduite inconditionnelle del&#8217;acceptation enti\u00e8re et sans r\u00e9serve des dispositions ci-dessus.<\/p>\n<p><strong>L&#8217;utilisation du site<\/strong><\/p>\n<p>En aucun cas, le Vernazza Autogru S.r.l peut \u00eatre tenu responsable des dommages de toute nature d\u00e9rivant directement ou indirectement du site, de l&#8217;incapacit\u00e9 ou de l&#8217;impossibilit\u00e9 d&#8217;acc\u00e9der et d&#8217;utiliser en toute confiance les informations qu&#8217;il contient. Le Vernazza Autogru S.r.l s&#8217;engage \u00e0 mettre \u00e0 jour le site p\u00e9riodiquement, mais ne garantit ni l&#8217; exhaustivit\u00e9 ni l&#8217;exactitude.<br \/>\nLe Vernazza Autogru S.r.l se r\u00e9serve le droit de modifier le contenu du site et les mentions l\u00e9gales \u00e0 tout moment et sans pr\u00e9avis.<\/p>\n<p><strong>L&#8217;acc\u00e8s aux links externes<\/strong><\/p>\n<p>Le Vernazza Autogru S.r.l n&#8217;assume aucune responsabilit\u00e9 pour les sites qui peuvent \u00eatre accessibles par les liens contenus dans le site lui-m\u00eame, service offert aux usagers du r\u00e9seau. Le fait que le Vernazza Autogru S.r.l offre ces liens, n&#8217;implique pas l&#8217;approbation des sites eux-m\u00eames, sur la qualit\u00e9, sur le contenu et le graphisme, Vernazza Autogru S.r.l d\u00e9cline toute responsabilit\u00e9. Le Vernazza Autogru S.r.l n&#8217;est donc, en aucune fa\u00e7on,responsable de l&#8217;information obtenue par vous \u00e0 travers l&#8217;acc\u00e8s \u00e0 des sites li\u00e9s \u00e0 la Vernazza Autogru S.r.l. Par cons\u00e9quent, les propri\u00e9taires des sites sont les seuls responsable de l&#8217;exactitude de l&#8217;information.<\/p>\n<p><strong>Droit d&#8217;auteur<\/strong><\/p>\n<p>Les pages de ce site avec les contenus pertinents des textes publi\u00e9s, graphiques, fichiers, images et autres informations, sont prot\u00e9g\u00e9es par la l\u00e9gislation en vigueur fixant les r\u00e8gles sur le droit d&#8217;auteur (loi n. 633\/41) et sur les droits de propri\u00e9t\u00e9 industrielle. Les contenus du site sont disponibles pour un usage personnel et non commercial, donc aucun contenu ne peut \u00eatre copi\u00e9, reproduit, publi\u00e9, t\u00e9l\u00e9charg\u00e9, affich\u00e9, transmis ou distribu\u00e9 de quelque mani\u00e8re, sauf dans le cas d&#8217;enregistrement simple pour un usage personnel et \u00e0 des fins non commerciales, et m\u00eame s&#8217;ils sont autoris\u00e9s \u00e0 l&#8217;utiliser pour des finalit\u00e9s personnelles, ils doivent \u00eatre maintenus par les indications relatives et \/ ou mentions de propri\u00e9t\u00e9 du contenu utilis\u00e9.<br \/>\nChaque produit ou soci\u00e9t\u00e9 mentionn\u00e9s sur ce site sont des marques d\u00e9pos\u00e9es de leurs propri\u00e9taires et peuvent \u00eatre prot\u00e9g\u00e9es par des brevets et \/ ou droits d&#8217;auteurs accord\u00e9s ou enregistr\u00e9s par les autorit\u00e9s.<br \/>\nIls peuvent ensuite \u00eatre t\u00e9l\u00e9charg\u00e9s ou utilis\u00e9s \u00e0 des fins personnelles et non commerciales, par cons\u00e9quent, rien, ni m\u00eame en partie, peut \u00eatre copi\u00e9, modifi\u00e9 ou revendu dans un but lucratif ou pour acqu\u00e9rir un avantage. Il est interdit d&#8217; utiliser, de publier, de distribuer, y compris le contenu publi\u00e9 sur le Site vers d&#8217;autres sites Internet, sauf autorisation sp\u00e9ciale des d\u00e9tenteurs des droits sur le contenu lui-m\u00eame. Le Site peut contenir des liens vers d&#8217;autres sites Internet, le groupe Vernazza Autogru S.r.l n&#8217;exerce aucun contr\u00f4le sur le contenu de ces sites et, par cons\u00e9quent, n&#8217;assume aucune responsabilit\u00e9 quant \u00e0 l&#8217;exactitude, la fiabilit\u00e9, l&#8217;exhaustivit\u00e9 et la mise \u00e0 jour.<\/p>\n<p><strong>Protection des donn\u00e9es<\/strong><\/p>\n<p>Les donn\u00e9es et les renseignements personnels qui sont recueillis au moment de l&#8217;enregistrement sont soumises aux r\u00e8gles sur la protection des donn\u00e9es personnelles.[\/vc_column_text][vc_empty_space height=&#8221;75px&#8221;][\/vc_column][\/vc_row]<\/p>\n<\/div>","protected":false},"excerpt":{"rendered":"<p>[vc_row row_type=&#8221;row&#8221; use_row_as_full_screen_section=&#8221;no&#8221; type=&#8221;full_width&#8221; text_align=&#8221;left&#8221; css_animation=&#8221;&#8221;][vc_column][vc_text_separator title=&#8221;VERNAZZAMENTIONS L\u00c9GALES&#8221; border_color=&#8221;#f5f5f5&#8243; background_color=&#8221;#f5f5f5&#8243; title_color=&#8221;#000000&#8243; el_class=&#8221;no-bg&#8221;][vc_empty_space height=&#8221;45px&#8221;][vc_column_text]Filiale: Genova, 16152 \u2013 Via R. Bianchi, 90 REA: GE N\u00b0 334075 Capital&#8230;<\/p>\n","protected":false},"author":2,"featured_media":0,"parent":0,"menu_order":100,"comment_status":"closed","ping_status":"closed","template":"","meta":{"footnotes":""},"acf":[],"_links":{"self":[{"href":"https:\/\/vernazzautogru.com\/fr\/wp-json\/wp\/v2\/pages\/3185"}],"collection":[{"href":"https:\/\/vernazzautogru.com\/fr\/wp-json\/wp\/v2\/pages"}],"about":[{"href":"https:\/\/vernazzautogru.com\/fr\/wp-json\/wp\/v2\/types\/page"}],"author":[{"embeddable":true,"href":"https:\/\/vernazzautogru.com\/fr\/wp-json\/wp\/v2\/users\/2"}],"replies":[{"embeddable":true,"href":"https:\/\/vernazzautogru.com\/fr\/wp-json\/wp\/v2\/comments?post=3185"}],"version-history":[{"count":3,"href":"https:\/\/vernazzautogru.com\/fr\/wp-json\/wp\/v2\/pages\/3185\/revisions"}],"predecessor-version":[{"id":3188,"href":"https:\/\/vernazzautogru.com\/fr\/wp-json\/wp\/v2\/pages\/3185\/revisions\/3188"}],"wp:attachment":[{"href":"https:\/\/vernazzautogru.com\/fr\/wp-json\/wp\/v2\/media?parent=3185"}],"curies":[{"name":"wp","href":"https:\/\/api.w.org\/{rel}","templated":true}]}}