{"id":3216,"date":"2017-09-29T15:00:22","date_gmt":"2017-09-29T13:00:22","guid":{"rendered":"http:\/\/vernazzautogru.com\/formation\/"},"modified":"2023-06-27T11:39:26","modified_gmt":"2023-06-27T09:39:26","slug":"formation","status":"publish","type":"page","link":"https:\/\/vernazzautogru.com\/fr\/formation\/","title":{"rendered":"Formation"},"content":{"rendered":"<div class=\"wpb-content-wrapper\">\n<!-- SEO Ultimate (http:\/\/www.seodesignsolutions.com\/wordpress-seo\/) - Code Inserter module -->\n<!-- Google Tag Manager (noscript) -->\r\n<noscript><iframe src=\"https:\/\/www.googletagmanager.com\/ns.html?id=GTM-WJ6GDRL\"\r\nheight=\"0\" width=\"0\" style=\"display:none;visibility:hidden\"><\/iframe><\/noscript>\r\n<!-- End Google Tag Manager (noscript) -->\n<!-- \/SEO Ultimate -->\n\n<p>[vc_row row_type=&#8221;row&#8221; use_row_as_full_screen_section=&#8221;no&#8221; type=&#8221;full_width&#8221; text_align=&#8221;left&#8221; css_animation=&#8221;&#8221;][vc_column][vc_text_separator title=&#8221;<small>SOCI\u00c9T\u00c9<\/small>COURS DE FORMATION&#8221; border_color=&#8221;#f5f5f5&#8243; background_color=&#8221;#f5f5f5&#8243; title_color=&#8221;#000000&#8243; el_class=&#8221;no-bg&#8221;][vc_empty_space height=&#8221;45px&#8221;][vc_row_inner row_type=&#8221;row&#8221; type=&#8221;full_width&#8221; use_row_as_full_screen_section_slide=&#8221;no&#8221; text_align=&#8221;left&#8221; css_animation=&#8221;&#8221;][vc_column_inner width=&#8221;1\/2&#8243;][vc_column_text el_class=&#8221;text-align-justify&#8221;]L&#8217;histoire de Vernazza Autogr\u00f9, de 1946 \u00e0 nos jours, \u00e9volue non seulement avec l&#8217;introduction des avanc\u00e9es technologiques dans le domaine de la manutention, mais aussi avec un parcours de formation constant et croissant que l&#8217;entreprise privil\u00e9gie depuis toujours pour son personnel.<\/p>\n<p>\u00c9tant donn\u00e9 qu&#8217;il n&#8217;existe pas aujourd&#8217;hui en Italie d&#8217;\u00e9coles professionnelles sp\u00e9cialis\u00e9es dans l&#8217;enseignement et la qualification de ces types de comp\u00e9tences,<strong> l&#8217;entreprise con\u00e7oit et met en \u0153uvre, par le biais de son \u00e9cole interne<\/strong>, des programmes de formation visant \u00e0 assurer \u00e0 ses ressources une pr\u00e9paration professionnelle \u00e9lev\u00e9e et compl\u00e8te.<\/p>\n<p>Les op\u00e9rateurs d&#8217;une grue, d&#8217;un v\u00e9hicule articul\u00e9 ou d&#8217;un engin sp\u00e9cialis\u00e9 ont besoin d&#8217;une formation continue pour acqu\u00e9rir toutes les normes de pr\u00e9vention, de s\u00e9curit\u00e9, d&#8217;utilisation et d&#8217;entretien des \u00e9quipements utilis\u00e9s. Les activit\u00e9s d&#8217;enseignement sont d\u00e9velopp\u00e9es \u00e0 la fois par des cours dispens\u00e9s en salle par des techniciens et des instructeurs qualifi\u00e9s, et par une rotation progressive sur les \u00e9quipements, des plus simples aux plus technologiques, aux c\u00f4t\u00e9s de<strong> personnel d\u00e9j\u00e0 exp\u00e9riment\u00e9 et sp\u00e9cialis\u00e9<\/strong>.[\/vc_column_text][\/vc_column_inner][vc_column_inner width=&#8221;1\/2&#8243;][vc_column_text el_class=&#8221;text-align-justify&#8221;]Ensuite, en fonction des caract\u00e9ristiques et des aptitudes individuelles, les postes correspondants sont s\u00e9lectionn\u00e9s au sein du cycle de travail de Vernazza.<\/p>\n<p>Le type d&#8217;interventions propos\u00e9es par l&#8217;entreprise \u00e0 sa client\u00e8le n\u00e9cessite en effet l&#8217;intervention de ressources humaines pr\u00e9par\u00e9es \u00e0 <strong>travailler en \u00e9quipe<\/strong>, capables de r\u00e9soudre et de g\u00e9rer \u00e0 la fois des t\u00e2ches quotidiennes routini\u00e8res et des op\u00e9rations d&#8217;une grande complexit\u00e9. \u00c0 cette fin, une fonction sp\u00e9cifique de formation et de formation continue des op\u00e9rateurs a r\u00e9cemment \u00e9t\u00e9 renforc\u00e9e chez Vernazza, situ\u00e9e \u00e0 Savone au Corso Svizzera (angle de la Via Frumento).<\/p>\n<p>Gr\u00e2ce \u00e0 la r\u00e9cente collaboration avec l<strong>&#8216;\u00c9cole du B\u00e2timent de la province de Savone<\/strong>, une s\u00e9rie de cours r\u00e9serv\u00e9s \u00e0 la formation des travailleurs op\u00e9rant avec des grues automotrices, des plates-formes \u00e9l\u00e9vatrices, des camions-grues avec remorque, des ponts roulants, des grues de chantier, des chariots \u00e9l\u00e9vateurs t\u00e9lescopiques, rotatifs et \u00e0 benne, ainsi que des \u00e9lingueurs et des signaleurs ont \u00e9t\u00e9 mis en place.[\/vc_column_text][\/vc_column_inner][\/vc_row_inner][vc_separator type=&#8221;small&#8221; position=&#8221;center&#8221; border_style=&#8221;&#8221;][vc_column_text el_class=&#8221;text-align-justify&#8221;]Le point fort des cours r\u00e9side dans la possibilit\u00e9 concr\u00e8te pour les \u00e9l\u00e8ves, pendant le processus de formation, d&#8217;\u00eatre employ\u00e9s et de confronter quotidiennement les connaissances th\u00e9oriques avec la pratique : en salle de classe, avec la possibilit\u00e9 d&#8217;utiliser un <strong>simulateur virtuel<\/strong> reproduisant fid\u00e8lement les situations de man\u0153uvre, et sur le terrain avec les v\u00e9hicules d&#8217;essai, o\u00f9 ils peuvent appliquer les notions de levage apprises en cours.<\/p>\n<p>De cette mani\u00e8re, \u00e0 la fin du programme de formation, l&#8217;\u00e9l\u00e8ve aura eu l&#8217;occasion de conna\u00eetre et d&#8217;acqu\u00e9rir de mani\u00e8re sp\u00e9cifique les proc\u00e9dures et l&#8217;ensemble des principes th\u00e9orico-pratiques de l&#8217;activit\u00e9 de l&#8217;entreprise, en \u00e9valuant \u00e9galement les risques et les probl\u00e8mes critiques, pr\u00eat \u00e0 effectuer avec professionnalisme et s\u00e9curit\u00e9 les op\u00e9rations de levage, de placement, d&#8217;installation et de coordination avec les diff\u00e9rents types de v\u00e9hicules et d&#8217;\u00e9quipements utilis\u00e9s.<\/p>\n<p>Gr\u00e2ce \u00e0 une formation approfondie et \u00e0 un entra\u00eenement ad\u00e9quat pour garantir la s\u00e9curit\u00e9 au travail, Vernazza Autogr\u00f9 se pr\u00e9sente aujourd&#8217;hui sur le march\u00e9 avec une <strong>valeur ajout\u00e9e<\/strong> qui d\u00e9finit au mieux son professionnalisme.[\/vc_column_text][vc_empty_space height=&#8221;55px&#8221;][vc_row_inner row_type=&#8221;row&#8221; type=&#8221;full_width&#8221; use_row_as_full_screen_section_slide=&#8221;no&#8221; text_align=&#8221;center&#8221; css_animation=&#8221;&#8221;][vc_column_inner]<a href=\"http:\/\/vernazzautogru.com\/wp-content\/uploads\/2017\/10\/corsi_formazione_ITA.pdf\" target=\"_blank\"  class=\"qbutton  qbutton_with_icon\" style=\"\">T\u00e9l\u00e9charger le formulaire<i class=\"button_icon  custom_icon_size fa fa-file-pdf-o\" style=\"font-size: 20px;\"><\/i><\/a>[\/vc_column_inner][\/vc_row_inner][vc_empty_space height=&#8221;75px&#8221;][\/vc_column][\/vc_row]<\/p>\n<\/div>","protected":false},"excerpt":{"rendered":"<p>[vc_row row_type=&#8221;row&#8221; use_row_as_full_screen_section=&#8221;no&#8221; type=&#8221;full_width&#8221; text_align=&#8221;left&#8221; css_animation=&#8221;&#8221;][vc_column][vc_text_separator title=&#8221;SOCI\u00c9T\u00c9COURS DE FORMATION&#8221; border_color=&#8221;#f5f5f5&#8243; background_color=&#8221;#f5f5f5&#8243; title_color=&#8221;#000000&#8243; el_class=&#8221;no-bg&#8221;][vc_empty_space height=&#8221;45px&#8221;][vc_row_inner row_type=&#8221;row&#8221; type=&#8221;full_width&#8221; use_row_as_full_screen_section_slide=&#8221;no&#8221; text_align=&#8221;left&#8221; css_animation=&#8221;&#8221;][vc_column_inner width=&#8221;1\/2&#8243;][vc_column_text el_class=&#8221;text-align-justify&#8221;]L&#8217;histoire de Vernazza Autogr\u00f9, de&#8230;<\/p>\n","protected":false},"author":2,"featured_media":0,"parent":0,"menu_order":22,"comment_status":"closed","ping_status":"closed","template":"","meta":{"footnotes":""},"acf":[],"_links":{"self":[{"href":"https:\/\/vernazzautogru.com\/fr\/wp-json\/wp\/v2\/pages\/3216"}],"collection":[{"href":"https:\/\/vernazzautogru.com\/fr\/wp-json\/wp\/v2\/pages"}],"about":[{"href":"https:\/\/vernazzautogru.com\/fr\/wp-json\/wp\/v2\/types\/page"}],"author":[{"embeddable":true,"href":"https:\/\/vernazzautogru.com\/fr\/wp-json\/wp\/v2\/users\/2"}],"replies":[{"embeddable":true,"href":"https:\/\/vernazzautogru.com\/fr\/wp-json\/wp\/v2\/comments?post=3216"}],"version-history":[{"count":4,"href":"https:\/\/vernazzautogru.com\/fr\/wp-json\/wp\/v2\/pages\/3216\/revisions"}],"predecessor-version":[{"id":14734,"href":"https:\/\/vernazzautogru.com\/fr\/wp-json\/wp\/v2\/pages\/3216\/revisions\/14734"}],"wp:attachment":[{"href":"https:\/\/vernazzautogru.com\/fr\/wp-json\/wp\/v2\/media?parent=3216"}],"curies":[{"name":"wp","href":"https:\/\/api.w.org\/{rel}","templated":true}]}}