{"id":3218,"date":"2017-09-29T14:49:46","date_gmt":"2017-09-29T12:49:46","guid":{"rendered":"http:\/\/vernazzautogru.com\/a-propos-de-nous\/"},"modified":"2021-04-20T16:35:49","modified_gmt":"2021-04-20T14:35:49","slug":"a-propos-de-nous","status":"publish","type":"page","link":"https:\/\/vernazzautogru.com\/fr\/a-propos-de-nous\/","title":{"rendered":"\u00c0 propos de nous"},"content":{"rendered":"<div class=\"wpb-content-wrapper\">\n<!-- SEO Ultimate (http:\/\/www.seodesignsolutions.com\/wordpress-seo\/) - Code Inserter module -->\n<!-- Google Tag Manager (noscript) -->\r\n<noscript><iframe src=\"https:\/\/www.googletagmanager.com\/ns.html?id=GTM-WJ6GDRL\"\r\nheight=\"0\" width=\"0\" style=\"display:none;visibility:hidden\"><\/iframe><\/noscript>\r\n<!-- End Google Tag Manager (noscript) -->\n<!-- \/SEO Ultimate -->\n\n<p>[vc_row row_type=&#8221;row&#8221; use_row_as_full_screen_section=&#8221;no&#8221; type=&#8221;grid&#8221; text_align=&#8221;left&#8221; css_animation=&#8221;&#8221;][vc_column][vc_text_separator title=&#8221;<small>SOCI\u00c9T\u00c9<\/small>MANIPULATION INDUSTRIELLE&#8221; border_color=&#8221;#f5f5f5&#8243; background_color=&#8221;#f5f5f5&#8243; title_color=&#8221;#000000&#8243; el_class=&#8221;no-bg&#8221;][vc_empty_space height=&#8221;45px&#8221;][vc_row_inner row_type=&#8221;row&#8221; type=&#8221;full_width&#8221; use_row_as_full_screen_section_slide=&#8221;no&#8221; text_align=&#8221;left&#8221; css_animation=&#8221;&#8221;][vc_column_inner width=&#8221;9\/12&#8243;][vc_column_text el_class=&#8221;text-align-justify&#8221;]La Soci\u00e9t\u00e9, certifi\u00e9e\u00a0<strong>ISO 9001<\/strong><strong>,\u00a0<\/strong><strong>ISO 14001<\/strong><strong>\u00a0<\/strong>et\u00a0<strong>BS OHSAS 45001<\/strong>, pr\u00e9sente sur le march\u00e9 depuis 1946, a aujourd\u2019hui un r\u00f4le de premier plan au niveau national et international dans le secteur du levage, des travaux en hauteur avec plates-formes et des transports exceptionnels.<\/p>\n<p>La Vernazza Autogr\u00f9 S.r.l., propose un parc de v\u00e9hicules d\u2019environ deux cents unit\u00e9s se constituant de grues t\u00e9lescopiques, avec chenilles et stabilisateurs, plates-formes a\u00e9riennes, automotrices, camions, tracteurs routiers, remorques, semi-remorques m\u00eame exceptionnels et autres v\u00e9hicules sp\u00e9ciaux.<\/p>\n<p>Gr\u00e2ce \u00e0 la technologie de pointe de son parc de v\u00e9hicules, l\u2019entreprise offre aujourd\u2019hui \u00e0 sa client\u00e8le un service complet, de la conception au d\u00e9veloppement et \u00e0 la r\u00e9alisation des projets les plus vari\u00e9s, \u00e9galement gr\u00e2ce \u00e0 l\u2019exp\u00e9rience consolid\u00e9e et \u00e0 la haute sp\u00e9cialisation technique des ressources humaines form\u00e9es en son sein.[\/vc_column_text][\/vc_column_inner][vc_column_inner width=&#8221;3\/12&#8243;][vc_empty_space height=&#8221;15px&#8221;][vc_single_image image=&#8221;10413&#8243; img_size=&#8221;full&#8221; alignment=&#8221;center&#8221; qode_css_animation=&#8221;&#8221;][vc_empty_space height=&#8221;15px&#8221;][\/vc_column_inner][\/vc_row_inner][vc_empty_space height=&#8221;75px&#8221;][\/vc_column][\/vc_row][vc_row row_type=&#8221;row&#8221; use_row_as_full_screen_section=&#8221;no&#8221; type=&#8221;grid&#8221; text_align=&#8221;left&#8221; background_color=&#8221;#ffffff&#8221; css_animation=&#8221;&#8221;][vc_column][vc_empty_space height=&#8221;45px&#8221;][vc_text_separator title=&#8221;<small>SOCI\u00c9T\u00c9<\/small>CONCEPTION ET DEVELOPPEMENT&#8221; title_color=&#8221;#000000&#8243; el_class=&#8221;no-bg&#8221; border_color=&#8221;#ffffff&#8221; background_color=&#8221;#ffffff&#8221;][vc_empty_space height=&#8221;45px&#8221;][vc_row_inner row_type=&#8221;row&#8221; type=&#8221;full_width&#8221; use_row_as_full_screen_section_slide=&#8221;no&#8221; text_align=&#8221;left&#8221; css_animation=&#8221;&#8221;][vc_column_inner width=&#8221;1\/2&#8243;][vc_column_text el_class=&#8221;text-align-justify&#8221;]La croissance de Vernazza Autogru Srl dans les secteurs du levage et du transport ont incit\u00e9 l\u2019entreprise \u00e0 constituer un personnel technique particuli\u00e8rement expert \u00e9galement dans les phases de conception et de d\u00e9veloppement des services propos\u00e9s \u00e0 la client\u00e8le.<\/p>\n<p>D\u00e8s la phase initiale de l\u2019offre, l\u2019entreprise est en mesure de proposer au client une planification du d\u00e9veloppement du projet, m\u00eame avec dessins CAD, depuis le d\u00e9but de la conception jusqu\u2019\u00e0 la r\u00e9alisation finale des diff\u00e9rentes phases d\u2019ex\u00e9cution.<\/p>\n<p>Les plans de croissance de l\u2019entreprise r\u00e9alis\u00e9s ces derni\u00e8res ann\u00e9es ont pour principal[\/vc_column_text][\/vc_column_inner][vc_column_inner width=&#8221;1\/2&#8243;][vc_column_text el_class=&#8221;text-align-justify&#8221;]objectif de sp\u00e9cialiser et agrandir le secteur du levage dans lequel Vernazza Autogru Srl op\u00e8re depuis plusieurs d\u00e9cennies, ainsi que d\u2019effectuer un renouvellement technologique progressif des diff\u00e9rentes divisions de son parc de v\u00e9hicules, pour proposer \u00e0 se client\u00e8le une r\u00e9ponse efficace et compl\u00e8te \u00e0 m\u00eame de satisfaire les exigences les plus particuli\u00e8res et difficiles, \u00e9galement avec des outils CAD et 3D.<\/p>\n<p>L\u2019entreprise est ainsi en mesure de fournir un service d\u2019expertise technique hautement qualifi\u00e9 et d\u2019assister le client dans les phases les plus critiques et probl\u00e9matiques en donnant la possibilit\u00e9 de construire et \u00ab fa\u00e7onner\u00a0\u00bb, en fonction des besoins, la phase compl\u00e8te du levage et du transport en surveillant chaque \u00e9tape de son \u00e9volution.[\/vc_column_text][\/vc_column_inner][\/vc_row_inner][vc_empty_space height=&#8221;75px&#8221;][\/vc_column][\/vc_row][vc_row row_type=&#8221;row&#8221; use_row_as_full_screen_section=&#8221;no&#8221; type=&#8221;full_width&#8221; text_align=&#8221;left&#8221; css_animation=&#8221;&#8221;][vc_column]<div class='qode_image_gallery_no_space dark'><div class='qode_image_gallery_holder' style='height: 400px;'><ul><li><div style=\"height: 400px; width:582px;\"><a class=\"prettyphoto\" rel=\"prettyPhoto[rel-804996574]\" href=\"https:\/\/vernazzautogru.com\/wp-content\/uploads\/2017\/09\/gallery-01.jpg\"><img decoding=\"async\" src=\"https:\/\/vernazzautogru.com\/wp-content\/uploads\/2017\/09\/gallery-01.jpg\" alt=\"\" \/><\/a><\/div><\/li><li><div style=\"height: 400px; width:306px;\"><a class=\"prettyphoto\" rel=\"prettyPhoto[rel-804996574]\" href=\"https:\/\/vernazzautogru.com\/wp-content\/uploads\/2017\/09\/gallery-03.jpg\"><img decoding=\"async\" src=\"https:\/\/vernazzautogru.com\/wp-content\/uploads\/2017\/09\/gallery-03.jpg\" alt=\"\" \/><\/a><\/div><\/li><li><div style=\"height: 400px; width:564px;\"><a class=\"prettyphoto\" rel=\"prettyPhoto[rel-804996574]\" href=\"https:\/\/vernazzautogru.com\/wp-content\/uploads\/2017\/09\/gallery-02.jpg\"><img decoding=\"async\" src=\"https:\/\/vernazzautogru.com\/wp-content\/uploads\/2017\/09\/gallery-02.jpg\" alt=\"\" \/><\/a><\/div><\/li><li><div style=\"height: 400px; width:534px;\"><a class=\"prettyphoto\" rel=\"prettyPhoto[rel-804996574]\" href=\"https:\/\/vernazzautogru.com\/wp-content\/uploads\/2017\/09\/gallery-04.jpg\"><img decoding=\"async\" src=\"https:\/\/vernazzautogru.com\/wp-content\/uploads\/2017\/09\/gallery-04.jpg\" alt=\"\" \/><\/a><\/div><\/li><li><div style=\"height: 400px; width:712px;\"><a class=\"prettyphoto\" rel=\"prettyPhoto[rel-804996574]\" href=\"https:\/\/vernazzautogru.com\/wp-content\/uploads\/2017\/09\/gallery-05.jpg\"><img decoding=\"async\" src=\"https:\/\/vernazzautogru.com\/wp-content\/uploads\/2017\/09\/gallery-05.jpg\" alt=\"\" \/><\/a><\/div><\/li><li><div style=\"height: 400px; width:534px;\"><a class=\"prettyphoto\" rel=\"prettyPhoto[rel-804996574]\" href=\"https:\/\/vernazzautogru.com\/wp-content\/uploads\/2017\/09\/gallery-06.jpg\"><img decoding=\"async\" src=\"https:\/\/vernazzautogru.com\/wp-content\/uploads\/2017\/09\/gallery-06.jpg\" alt=\"\" \/><\/a><\/div><\/li><\/ul><\/div><div class=\"controls\"><a class=\"prev-slide\" href=\"#\"><span class=\"arrow_carrot-left\"><\/span><\/a><a class=\"next-slide\" href=\"#\"><span class=\"arrow_carrot-right\"><\/span><\/a><\/div><\/div>[\/vc_column][\/vc_row][vc_row row_type=&#8221;row&#8221; use_row_as_full_screen_section=&#8221;no&#8221; type=&#8221;grid&#8221; text_align=&#8221;left&#8221; background_color=&#8221;#ffffff&#8221; css_animation=&#8221;&#8221;][vc_column][vc_empty_space height=&#8221;75px&#8221;][vc_text_separator title=&#8221;<small>SOCI\u00c9T\u00c9<\/small>TRANSPORT EXCEPTIONNEL&#8221; title_color=&#8221;#000000&#8243; el_class=&#8221;no-bg&#8221; border_color=&#8221;#ffffff&#8221; background_color=&#8221;#ffffff&#8221;][vc_empty_space height=&#8221;45px&#8221;][vc_column_text el_class=&#8221;text-align-justify&#8221;]Outre le secteur du levage, Vernazza Autogru, dans son vaste parc de v\u00e9hicules constitu\u00e9 de dizaines de tracteurs routiers, remorques et semi-remorques ordinaires, poss\u00e8de \u00e9galement de nombreux tracteurs exceptionnels m\u00eame \u00e0 trois ou quatre essieux, remorques ou semi-remorques \u00e0 plusieurs essieux directionnels, radiocommand\u00e9s et extensibles. Cette flotte de v\u00e9hicules exceptionnels comprend de nombreux camions pourvus de grue, de plusieurs dimensions et avec des capacit\u00e9s de levage diff\u00e9rentes, et des motrices pouvant \u00eatre \u00e9quip\u00e9es de marchepieds et de treuil. Cette vari\u00e9t\u00e9 d\u2019engins permet \u00e0 l\u2019entreprise d\u2019effectuer des transports aussi bien sur les routes ordinaires que dans le cadre de n\u2019importe quel chantier.<\/p>\n<p>Par ailleurs, l\u2019entreprise, en plus des transports susmentionn\u00e9s, propose un service d\u2019escorte technique aussi bien au niveau national qu\u2019international avec son propre personnel agr\u00e9\u00e9.<\/p>\n<p>Les secteurs de sp\u00e9cialisation sont repr\u00e9sent\u00e9s, \u00e0 simple titre d\u2019exemple, par le transport d\u2019engins de chantier, de turbines, de v\u00e9hicules lourds, d\u2019embarcations, d\u2019engins sp\u00e9ciaux, d\u2019installations, de pr\u00e9fabriqu\u00e9s, de charpenterie lourde, de silos et de r\u00e9servoirs.[\/vc_column_text][vc_empty_space height=&#8221;75px&#8221;][\/vc_column][\/vc_row]<\/p>\n<\/div>","protected":false},"excerpt":{"rendered":"<p>[vc_row row_type=&#8221;row&#8221; use_row_as_full_screen_section=&#8221;no&#8221; type=&#8221;grid&#8221; text_align=&#8221;left&#8221; css_animation=&#8221;&#8221;][vc_column][vc_text_separator title=&#8221;SOCI\u00c9T\u00c9MANIPULATION INDUSTRIELLE&#8221; border_color=&#8221;#f5f5f5&#8243; background_color=&#8221;#f5f5f5&#8243; title_color=&#8221;#000000&#8243; el_class=&#8221;no-bg&#8221;][vc_empty_space height=&#8221;45px&#8221;][vc_row_inner row_type=&#8221;row&#8221; type=&#8221;full_width&#8221; use_row_as_full_screen_section_slide=&#8221;no&#8221; text_align=&#8221;left&#8221; css_animation=&#8221;&#8221;][vc_column_inner width=&#8221;9\/12&#8243;][vc_column_text el_class=&#8221;text-align-justify&#8221;]La Soci\u00e9t\u00e9, certifi\u00e9e\u00a0ISO 9001,\u00a0ISO 14001\u00a0et\u00a0BS OHSAS&#8230;<\/p>\n","protected":false},"author":2,"featured_media":0,"parent":0,"menu_order":20,"comment_status":"closed","ping_status":"closed","template":"full_width.php","meta":{"footnotes":""},"acf":[],"_links":{"self":[{"href":"https:\/\/vernazzautogru.com\/fr\/wp-json\/wp\/v2\/pages\/3218"}],"collection":[{"href":"https:\/\/vernazzautogru.com\/fr\/wp-json\/wp\/v2\/pages"}],"about":[{"href":"https:\/\/vernazzautogru.com\/fr\/wp-json\/wp\/v2\/types\/page"}],"author":[{"embeddable":true,"href":"https:\/\/vernazzautogru.com\/fr\/wp-json\/wp\/v2\/users\/2"}],"replies":[{"embeddable":true,"href":"https:\/\/vernazzautogru.com\/fr\/wp-json\/wp\/v2\/comments?post=3218"}],"version-history":[{"count":9,"href":"https:\/\/vernazzautogru.com\/fr\/wp-json\/wp\/v2\/pages\/3218\/revisions"}],"predecessor-version":[{"id":10419,"href":"https:\/\/vernazzautogru.com\/fr\/wp-json\/wp\/v2\/pages\/3218\/revisions\/10419"}],"wp:attachment":[{"href":"https:\/\/vernazzautogru.com\/fr\/wp-json\/wp\/v2\/media?parent=3218"}],"curies":[{"name":"wp","href":"https:\/\/api.w.org\/{rel}","templated":true}]}}