{"id":8330,"date":"2020-08-21T14:38:07","date_gmt":"2020-08-21T12:38:07","guid":{"rendered":"http:\/\/vernazzautogru.com\/about-us\/"},"modified":"2023-06-27T11:45:41","modified_gmt":"2023-06-27T09:45:41","slug":"logistics-hub-about-us","status":"publish","type":"page","link":"https:\/\/vernazzautogru.com\/fr\/logistics-hub-about-us\/","title":{"rendered":"\u00c0 propos de nous"},"content":{"rendered":"<div class=\"wpb-content-wrapper\">\n<!-- SEO Ultimate (http:\/\/www.seodesignsolutions.com\/wordpress-seo\/) - Code Inserter module -->\n<!-- Google Tag Manager (noscript) -->\r\n<noscript><iframe src=\"https:\/\/www.googletagmanager.com\/ns.html?id=GTM-WJ6GDRL\"\r\nheight=\"0\" width=\"0\" style=\"display:none;visibility:hidden\"><\/iframe><\/noscript>\r\n<!-- End Google Tag Manager (noscript) -->\n<!-- \/SEO Ultimate -->\n\n<p>[vc_row row_type=&#8221;row&#8221; use_row_as_full_screen_section=&#8221;no&#8221; type=&#8221;grid&#8221; text_align=&#8221;left&#8221; background_color=&#8221;#ffffff&#8221; css_animation=&#8221;&#8221;][vc_column][vc_empty_space height=&#8221;75px&#8221;][vc_text_separator title=&#8221;<small>LE POLE LOGISTIQUE<\/small>UNE NOUVELLE \u00c9NERGIE POUR LE TERRITOIRE LIGURIEN&#8221; border_color=&#8221;#ffffff&#8221; background_color=&#8221;#ffffff&#8221; title_color=&#8221;#000000&#8243; el_class=&#8221;no-bg&#8221;][vc_empty_space height=&#8221;45px&#8221;][vc_column_text el_class=&#8221;text-align-justify&#8221;]L&#8217;acquisition r\u00e9cente de l&#8217;ancienne usine industrielle de Tirreno Power, situ\u00e9e entre Vado Ligure et Quiliano, ouvre de nouveaux horizons pour Vernazza Autogru.<\/p>\n<p>Cette zone, d&#8217;une superficie d&#8217;environ 300 000 m\u00b2, est un nouveau p\u00f4le logistique pour la r\u00e9gion de Ligurie. Elle vise \u00e9galement \u00e0 devenir une base nationale et europ\u00e9enne pour la r\u00e9ception, la pr\u00e9assemblage et l&#8217;exp\u00e9dition de structures m\u00e9talliques, de machines et de composants de grande complexit\u00e9.<\/p>\n<p>L&#8217;espace acquis par Vernazza Autogru est utilis\u00e9 pour le stockage de mat\u00e9riel et la fourniture de services logistiques, faisant appel aux v\u00e9hicules de transport et de levage de Vernazza.[\/vc_column_text][vc_empty_space height=&#8221;30px&#8221;][vc_row_inner row_type=&#8221;row&#8221; type=&#8221;full_width&#8221; use_row_as_full_screen_section_slide=&#8221;no&#8221; text_align=&#8221;left&#8221; css_animation=&#8221;&#8221;][vc_column_inner width=&#8221;1\/2&#8243;][vc_empty_space height=&#8221;15px&#8221;][vc_single_image image=&#8221;8308&#8243; img_size=&#8221;full&#8221; qode_css_animation=&#8221;&#8221;][vc_empty_space height=&#8221;15px&#8221;][\/vc_column_inner][vc_column_inner width=&#8221;1\/2&#8243;][vc_empty_space height=&#8221;15px&#8221;][vc_single_image image=&#8221;8314&#8243; img_size=&#8221;full&#8221; qode_css_animation=&#8221;&#8221;][vc_empty_space height=&#8221;15px&#8221;][\/vc_column_inner][\/vc_row_inner][vc_empty_space height=&#8221;60px&#8221;][\/vc_column][\/vc_row][vc_row row_type=&#8221;row&#8221; use_row_as_full_screen_section=&#8221;no&#8221; type=&#8221;grid&#8221; text_align=&#8221;left&#8221; css_animation=&#8221;&#8221;][vc_column][vc_empty_space height=&#8221;45px&#8221;][vc_text_separator title=&#8221;TRANSPORT ET LOGISTIQUE&#8221; border_color=&#8221;#f5f5f5&#8243; background_color=&#8221;#f5f5f5&#8243; title_color=&#8221;#000000&#8243; el_class=&#8221;no-bg&#8221;][vc_empty_space height=&#8221;45px&#8221;][vc_column_text el_class=&#8221;text-align-justify&#8221;]La zone de Vernazza Autogru et le port de Vado sont parfaitement connect\u00e9s aux principaux centres logistiques du nord de l&#8217;Italie et aux zones d&#8217;int\u00e9r\u00eat \u00e0 l&#8217;\u00e9tranger par autoroutes et voies ferr\u00e9es.<\/p>\n<p>Le nouveau p\u00f4le logistique de Vernazza est situ\u00e9 \u00e0 proximit\u00e9 de la sortie d&#8217;autoroute de Savona. Une voie ferr\u00e9e traverse le centre op\u00e9rationnel et est reli\u00e9e au r\u00e9seau ferroviaire national.[\/vc_column_text][vc_empty_space height=&#8221;75px&#8221;][\/vc_column][\/vc_row][vc_row row_type=&#8221;row&#8221; use_row_as_full_screen_section=&#8221;no&#8221; type=&#8221;grid&#8221; text_align=&#8221;left&#8221; background_color=&#8221;#ffffff&#8221; css_animation=&#8221;&#8221;][vc_column][vc_empty_space height=&#8221;45px&#8221;][vc_text_separator title=&#8221;SERVICES&#8221; border_color=&#8221;#ffffff&#8221; background_color=&#8221;#ffffff&#8221; title_color=&#8221;#000000&#8243; el_class=&#8221;no-bg&#8221;][vc_empty_space height=&#8221;45px&#8221;][vc_column_text el_class=&#8221;text-align-justify&#8221;]Le nouveau p\u00f4le logistique de Vernazza est en mesure de fournir diff\u00e9rents types de services :[\/vc_column_text][vc_empty_space height=&#8221;20px&#8221;][vc_row_inner row_type=&#8221;row&#8221; type=&#8221;full_width&#8221; use_row_as_full_screen_section_slide=&#8221;no&#8221; text_align=&#8221;left&#8221; css_animation=&#8221;&#8221;][vc_column_inner width=&#8221;1\/2&#8243;][vc_column_text el_class=&#8221;text-align-justify&#8221;]<\/p>\n<ul>\n<li>Nacelles sur chenilles et grues t\u00e9lescopiques<\/li>\n<li>Manipulation de SPMT (Self-Propelled Modular Transporters)<\/li>\n<li>Glissement et levage avec des v\u00e9rins<\/li>\n<li>Transports standard et exceptionnels<\/li>\n<li>Structures tendues temporaires pour des activit\u00e9s int\u00e9rieure<\/li>\n<\/ul>\n<p>[\/vc_column_text][\/vc_column_inner][vc_column_inner width=&#8221;1\/2&#8243;][vc_column_text el_class=&#8221;text-align-justify&#8221;]<\/p>\n<ul>\n<li>Pr\u00e9paration de chantier<\/li>\n<li>Fourniture d&#8217;\u00e9nergie \/ d&#8217;eau<\/li>\n<li>Assistance en mati\u00e8re de planification<\/li>\n<li>Organisation et ex\u00e9cution d&#8217;exp\u00e9ditions depuis le terminal de Vado Ligure<\/li>\n<\/ul>\n<p>[\/vc_column_text][\/vc_column_inner][\/vc_row_inner][vc_empty_space height=&#8221;75px&#8221;][\/vc_column][\/vc_row]<\/p>\n<\/div>","protected":false},"excerpt":{"rendered":"<p>[vc_row row_type=&#8221;row&#8221; use_row_as_full_screen_section=&#8221;no&#8221; type=&#8221;grid&#8221; text_align=&#8221;left&#8221; background_color=&#8221;#ffffff&#8221; css_animation=&#8221;&#8221;][vc_column][vc_empty_space height=&#8221;75px&#8221;][vc_text_separator title=&#8221;LE POLE LOGISTIQUEUNE NOUVELLE \u00c9NERGIE POUR LE TERRITOIRE LIGURIEN&#8221; border_color=&#8221;#ffffff&#8221; background_color=&#8221;#ffffff&#8221; title_color=&#8221;#000000&#8243; el_class=&#8221;no-bg&#8221;][vc_empty_space height=&#8221;45px&#8221;][vc_column_text el_class=&#8221;text-align-justify&#8221;]L&#8217;acquisition r\u00e9cente de&#8230;<\/p>\n","protected":false},"author":2,"featured_media":0,"parent":0,"menu_order":0,"comment_status":"closed","ping_status":"closed","template":"full_width.php","meta":{"footnotes":""},"acf":[],"_links":{"self":[{"href":"https:\/\/vernazzautogru.com\/fr\/wp-json\/wp\/v2\/pages\/8330"}],"collection":[{"href":"https:\/\/vernazzautogru.com\/fr\/wp-json\/wp\/v2\/pages"}],"about":[{"href":"https:\/\/vernazzautogru.com\/fr\/wp-json\/wp\/v2\/types\/page"}],"author":[{"embeddable":true,"href":"https:\/\/vernazzautogru.com\/fr\/wp-json\/wp\/v2\/users\/2"}],"replies":[{"embeddable":true,"href":"https:\/\/vernazzautogru.com\/fr\/wp-json\/wp\/v2\/comments?post=8330"}],"version-history":[{"count":5,"href":"https:\/\/vernazzautogru.com\/fr\/wp-json\/wp\/v2\/pages\/8330\/revisions"}],"predecessor-version":[{"id":14736,"href":"https:\/\/vernazzautogru.com\/fr\/wp-json\/wp\/v2\/pages\/8330\/revisions\/14736"}],"wp:attachment":[{"href":"https:\/\/vernazzautogru.com\/fr\/wp-json\/wp\/v2\/media?parent=8330"}],"curies":[{"name":"wp","href":"https:\/\/api.w.org\/{rel}","templated":true}]}}