{"id":9795,"date":"2021-01-26T17:15:50","date_gmt":"2021-01-26T16:15:50","guid":{"rendered":"http:\/\/vernazzautogru.com\/rapport-integre\/"},"modified":"2023-01-24T12:03:25","modified_gmt":"2023-01-24T11:03:25","slug":"rapport-integre","status":"publish","type":"page","link":"https:\/\/vernazzautogru.com\/fr\/rapport-integre\/","title":{"rendered":"Rapport int\u00e9gr\u00e9"},"content":{"rendered":"<div class=\"wpb-content-wrapper\">\n<!-- SEO Ultimate (http:\/\/www.seodesignsolutions.com\/wordpress-seo\/) - Code Inserter module -->\n<!-- Google Tag Manager (noscript) -->\r\n<noscript><iframe src=\"https:\/\/www.googletagmanager.com\/ns.html?id=GTM-WJ6GDRL\"\r\nheight=\"0\" width=\"0\" style=\"display:none;visibility:hidden\"><\/iframe><\/noscript>\r\n<!-- End Google Tag Manager (noscript) -->\n<!-- \/SEO Ultimate -->\n\n<p>[vc_row row_type=&#8221;row&#8221; use_row_as_full_screen_section=&#8221;no&#8221; type=&#8221;full_width&#8221; text_align=&#8221;left&#8221; css_animation=&#8221;&#8221;][vc_column][vc_column_text]<\/p>\n<h2 style=\"margin-bottom: 30px;\">Rapport Int\u00e9gr\u00e9<\/h2>\n<p>Vernazza Autogru S.r.l. \u00a0publie, pour la premi\u00e8re fois, son propre rapport int\u00e9gr\u00e9 dans le but d&#8217;illustrer comment l&#8217;entreprise s&#8217;engage \u00e0 cr\u00e9er de la valeur au sens large et diversifi\u00e9, non seulement \u00e0 court terme mais aussi \u00e0 moyen et long terme pour toutes les parties prenantes.<\/p>\n<p>Le concept \u00ab\u00e9largi\u00bb de cr\u00e9ation de valeur fait r\u00e9f\u00e9rence \u00e0 tous les r\u00e9sultats qui sont importants pour la comp\u00e9titivit\u00e9 (par exemple en termes d&#8217;innovation et de d\u00e9veloppement du savoir-faire, de comp\u00e9tences et de sentiment d&#8217;appartenance des personnes, de souci du client, d&#8217;engagement envers la durabilit\u00e9 environnementale), mais qui ne sont pas suffisamment pris en compte dans les outils traditionnels de rapport statutaire.<\/p>\n<p>Nous pensons qu&#8217;il est important d&#8217;ouvrir un canal de communication avec nos parties prenantes, comme le rapport int\u00e9gr\u00e9, l&#8217;outil internationalement reconnu qui int\u00e8gre le reporting de l&#8217;entreprise, en mettant en \u00e9vidence le lien entre strat\u00e9gie, performance financi\u00e8re et le contexte social, environnemental et \u00e9conomique.<\/p>\n<p>Gr\u00e2ce \u00e0 cet outil, inspir\u00e9 par les principes de transparence et de clart\u00e9, nous voulons rendre compte de notre identit\u00e9, de notre solidit\u00e9 et de la valeur ajout\u00e9e que Vernazza Autogru S.r.l. \u00a0cr\u00e9e pour elle-m\u00eame et pour ses parties prenantes, et, surtout, nous voulons repr\u00e9senter notre vision d&#8217;avenir qui nous a toujours distingu\u00e9s et aid\u00e9s au fil des ans.<\/p>\n<div style=\"display: flex; gap: 20px;\">\n<p><button style=\"padding: 10px 20px; border: none; background-color: #eeac00; border-radius: 5px;\"><a style=\"color: white; text-transform: uppercase; font-size: 18px;\" href=\"http:\/\/vernazzautogru.com\/wp-content\/uploads\/2021\/02\/report-english.pdf\" download=\"http:\/\/vernazzautogru.com\/wp-content\/uploads\/2021\/02\/report-english.pdf\">t\u00e9l\u00e9charger le rapport 2019<\/a><\/button><\/p>\n<p><button style=\"padding: 10px 20px; border: none; background-color: #eeac00; border-radius: 5px;\"><a style=\"color: white; text-transform: uppercase; font-size: 18px;\" href=\"http:\/\/vernazzautogru.com\/wp-content\/uploads\/2023\/01\/Report-FR-2021.pdf\" download=\"http:\/\/vernazzautogru.com\/wp-content\/uploads\/2021\/02\/report-english.pdf\">t\u00e9l\u00e9charger le rapport 2021<\/a><\/button><\/p>\n<\/div>\n<div class=\"_3d-flip-book  fb3d-fullscreen-mode full-size\" data-id=\"9845\" data-mode=\"fullscreen\" data-title=\"false\" data-template=\"short-white-book-view\" data-lightbox=\"dark\" data-urlparam=\"fb3d-page\" data-page-n=\"0\" data-pdf=\"\" data-tax=\"null\" data-thumbnail=\"\" data-cols=\"3\"><\/div>[\/vc_column_text][\/vc_column][\/vc_row]<\/p>\n<\/div>","protected":false},"excerpt":{"rendered":"<p>[vc_row row_type=&#8221;row&#8221; use_row_as_full_screen_section=&#8221;no&#8221; type=&#8221;full_width&#8221; text_align=&#8221;left&#8221; css_animation=&#8221;&#8221;][vc_column][vc_column_text] Rapport Int\u00e9gr\u00e9 Vernazza Autogru S.r.l. \u00a0publie, pour la premi\u00e8re fois, son propre rapport int\u00e9gr\u00e9 dans le but d&#8217;illustrer comment&#8230;<\/p>\n","protected":false},"author":2,"featured_media":0,"parent":0,"menu_order":0,"comment_status":"closed","ping_status":"closed","template":"","meta":{"footnotes":""},"acf":[],"_links":{"self":[{"href":"https:\/\/vernazzautogru.com\/fr\/wp-json\/wp\/v2\/pages\/9795"}],"collection":[{"href":"https:\/\/vernazzautogru.com\/fr\/wp-json\/wp\/v2\/pages"}],"about":[{"href":"https:\/\/vernazzautogru.com\/fr\/wp-json\/wp\/v2\/types\/page"}],"author":[{"embeddable":true,"href":"https:\/\/vernazzautogru.com\/fr\/wp-json\/wp\/v2\/users\/2"}],"replies":[{"embeddable":true,"href":"https:\/\/vernazzautogru.com\/fr\/wp-json\/wp\/v2\/comments?post=9795"}],"version-history":[{"count":4,"href":"https:\/\/vernazzautogru.com\/fr\/wp-json\/wp\/v2\/pages\/9795\/revisions"}],"predecessor-version":[{"id":14280,"href":"https:\/\/vernazzautogru.com\/fr\/wp-json\/wp\/v2\/pages\/9795\/revisions\/14280"}],"wp:attachment":[{"href":"https:\/\/vernazzautogru.com\/fr\/wp-json\/wp\/v2\/media?parent=9795"}],"curies":[{"name":"wp","href":"https:\/\/api.w.org\/{rel}","templated":true}]}}